{"id":2822,"date":"2018-01-12T10:15:23","date_gmt":"2018-01-12T15:15:23","guid":{"rendered":"https:\/\/rolfingcanada.org\/?page_id=2822\/"},"modified":"2019-10-01T12:59:55","modified_gmt":"2019-10-01T16:59:55","slug":"a-propos-du-mouvement-rolfing","status":"publish","type":"page","link":"https:\/\/rolfingcanada.org\/fr\/a-propos-du-mouvement-rolfing\/","title":{"rendered":"\u00c0 propos du Mouvement Rolf"},"content":{"rendered":"<p><strong>L\u2019int\u00e9gration de la structure et de la fonction par l\u2019incorporation du Mouvement Rolf<\/strong><\/p>\n<h6><strong>Traduit d\u2019un texte publi\u00e9 par le <em>Dr Ida Rolf Institute<\/em> (DIRI)<\/strong><\/h6>\n<p><img loading=\"lazy\" decoding=\"async\" class=\" wp-image-1427 alignright\" src=\"https:\/\/rolfingcanada.org\/wp-content\/uploads\/2017\/07\/person5-1-300x300.jpg\" sizes=\"auto, (max-width: 166px) 100vw, 166px\" srcset=\"https:\/\/rolfingcanada.org\/wp-content\/uploads\/2017\/07\/person5-1-300x300.jpg 300w, https:\/\/rolfingcanada.org\/wp-content\/uploads\/2017\/07\/person5-1-150x150.jpg 150w, https:\/\/rolfingcanada.org\/wp-content\/uploads\/2017\/07\/person5-1-1024x1024.jpg 1024w\" alt=\"\" width=\"166\" height=\"166\" \/>L\u2019int\u00e9gration structurelle par le Rolfing\u00ae\u00a0am\u00e8ne les corps \u00e0 retrouver l\u2019int\u00e9grit\u00e9 de leur forme naturelle par l\u2019am\u00e9lioration de la posture, de la mobilit\u00e9 et de la vitalit\u00e9. L\u2019aisance \u00e0 adopter cette nouvelle mani\u00e8re d\u2019\u00eatre et \u00e0 faire corps avec elle durablement varie cependant d\u2019une personne \u00e0 l\u2019autre. Les distorsions de la structure corporelle r\u00e9sultent principalement de nos r\u00e9ponses aux exp\u00e9riences de vie, lesquelles engendrent des fa\u00e7ons habituelles de percevoir le monde et de s\u2019y mouvoir. Or avec le temps, ces m\u00e9canismes de r\u00e9ponse perturbent la forme et le mouvement naturels du corps, perp\u00e9tuant ainsi le d\u00e9s\u00e9quilibre structurel et g\u00eanant m\u00eame, parfois, l\u2019\u00e9mancipation personnelle.<\/p>\n<p>Parvenir \u00e0 une transformation durable de la structure corporelle demande de prendre conscience et ajuster les mouvements, et aussi les perceptions, qui sont \u00e0 l\u2019origine du d\u00e9s\u00e9quilibre. Le Mouvement Rolf, une approche sensitivo-motrice somatique de l\u2019\u00e9ducation du mouvement, aide les clients \u00e0 optimiser leur \u00e9tat d\u2019aisance structurelle et \u00e0 le maintenir par l\u2019apprentissage de fa\u00e7ons de bouger mieux \u00e9quilibr\u00e9es.<\/p>\n<p><img loading=\"lazy\" decoding=\"async\" class=\" wp-image-1372 alignleft\" src=\"https:\/\/rolfingcanada.org\/wp-content\/uploads\/2017\/07\/person9-1-300x300.jpg\" sizes=\"auto, (max-width: 137px) 100vw, 137px\" srcset=\"https:\/\/rolfingcanada.org\/wp-content\/uploads\/2017\/07\/person9-1-300x300.jpg 300w, https:\/\/rolfingcanada.org\/wp-content\/uploads\/2017\/07\/person9-1-150x150.jpg 150w, https:\/\/rolfingcanada.org\/wp-content\/uploads\/2017\/07\/person9-1-1024x1024.jpg 1024w\" alt=\"\" width=\"137\" height=\"137\" \/>Le Mouvement Rolf a initialement\u00a0\u00e9t\u00e9 le fruit d\u2019une r\u00e9flexion de la docteure Ida\u00a0P.\u00a0Rolf, pour qui l\u2019\u00e9ducation du mouvement\u00a0\u00e9tait un pr\u00e9cieux compl\u00e9ment du travail de la structure par le toucher.\u00a0 Avec le temps il est devenu une th\u00e9rapie en soi qui est compl\u00e9mentaire avec l\u2019int\u00e9gration structurelle par le Rolfing. L&rsquo;Institut Rolf se distingue des autres \u00e9coles o\u00f9 l&rsquo;on enseigne l\u2019int\u00e9gration structurelle en offrant le programme de formation en Mouvement Rolf.<\/p>\n<h3><strong>Comment fonctionne le Mouvement Rolf?<\/strong><\/h3>\n<p>Le praticien du Mouvement Rolf aide le client \u00e0 prendre conscience de sa fa\u00e7on de r\u00e9pondre au monde \u00e0 travers ses perceptions et ses mouvements. Le client et le praticien explorent ensuite les sensations que procure un mouvement plus libre et plus fluide dans les gestes simples du quotidien comme respirer, marcher, se pencher, manipuler des objets, etc. Par d\u2019autres exp\u00e9riences sensitivo-motrices, le praticien invite le client \u00e0 faire corps avec les qualit\u00e9s d\u2019un mouvement efficace et \u00e9l\u00e9gant durant des activit\u00e9s plus complexes, au travail ou dans les loisirs. C\u2019est en usant perp\u00e9tuellement de son corps avec \u00e9quilibre que le client int\u00e8gre pleinement l\u2019exp\u00e9rience du Rolfing.<\/p>\n<p><img loading=\"lazy\" decoding=\"async\" class=\" wp-image-1699 alignright\" src=\"https:\/\/rolfingcanada.org\/wp-content\/uploads\/2017\/08\/rolfer_client8_lg-300x300.jpg\" sizes=\"auto, (max-width: 119px) 100vw, 119px\" srcset=\"https:\/\/rolfingcanada.org\/wp-content\/uploads\/2017\/08\/rolfer_client8_lg-300x300.jpg 300w, https:\/\/rolfingcanada.org\/wp-content\/uploads\/2017\/08\/rolfer_client8_lg-150x150.jpg 150w, https:\/\/rolfingcanada.org\/wp-content\/uploads\/2017\/08\/rolfer_client8_lg-1024x1024.jpg 1024w\" alt=\"\" width=\"119\" height=\"119\" \/>Le processus du Mouvement Rolf peut faire partie d\u2019une s\u00e9ance d\u2019int\u00e9gration structurelle par les manipulations de Rolfing, ou \u00eatre l\u2019objet de s\u00e9ances distinctes.<\/p>\n<p>Le grand message de la docteure Ida Rolf derri\u00e8re son travail \u00e9tait qu\u2019il m\u00e8nerait \u00e0 un usage plus humain de notre humanit\u00e9. Le Mouvement Rolf est une fa\u00e7on de donner corps \u00e0 ce message.<\/p>\n<p><img loading=\"lazy\" decoding=\"async\" class=\" wp-image-1432 aligncenter\" src=\"https:\/\/rolfingcanada.org\/wp-content\/uploads\/2017\/07\/littleboy4-300x300.jpg\" sizes=\"auto, (max-width: 120px) 100vw, 120px\" srcset=\"https:\/\/rolfingcanada.org\/wp-content\/uploads\/2017\/07\/littleboy4-300x300.jpg 300w, https:\/\/rolfingcanada.org\/wp-content\/uploads\/2017\/07\/littleboy4-150x150.jpg 150w, https:\/\/rolfingcanada.org\/wp-content\/uploads\/2017\/07\/littleboy4-1024x1024.jpg 1024w\" alt=\"\" width=\"120\" height=\"120\" \/><\/p>\n","protected":false},"excerpt":{"rendered":"<p>L\u2019int\u00e9gration de la structure et de la fonction par l\u2019incorporation du Mouvement Rolf Traduit d\u2019un texte publi\u00e9 par le Dr Ida Rolf Institute (DIRI) L\u2019int\u00e9gration structurelle par le Rolfing\u00ae\u00a0am\u00e8ne les corps \u00e0 retrouver l\u2019int\u00e9grit\u00e9 de leur forme naturelle par l\u2019am\u00e9lioration de la posture, de la mobilit\u00e9 et de la vitalit\u00e9. L\u2019aisance \u00e0 adopter cette nouvelle mani\u00e8re d\u2019\u00eatre et \u00e0 faire corps avec elle durablement varie cependant d\u2019une personne \u00e0 l\u2019autre. Les distorsions de la structure corporelle r\u00e9sultent principalement de nos &#038;hellip <i><a class=\"read-more\" href=\"https:\/\/rolfingcanada.org\/fr\/a-propos-du-mouvement-rolfing\/\">read more<\/a><\/i><\/p>\n","protected":false},"author":72,"featured_media":0,"parent":0,"menu_order":0,"comment_status":"closed","ping_status":"closed","template":"template-full.php","meta":{"_acf_changed":false,"inline_featured_image":false,"_monsterinsights_skip_tracking":false,"_monsterinsights_sitenote_active":false,"_monsterinsights_sitenote_note":"","_monsterinsights_sitenote_category":0,"footnotes":""},"class_list":["post-2822","page","type-page","status-publish","hentry"],"acf":[],"_links":{"self":[{"href":"https:\/\/rolfingcanada.org\/fr\/wp-json\/wp\/v2\/pages\/2822","targetHints":{"allow":["GET"]}}],"collection":[{"href":"https:\/\/rolfingcanada.org\/fr\/wp-json\/wp\/v2\/pages"}],"about":[{"href":"https:\/\/rolfingcanada.org\/fr\/wp-json\/wp\/v2\/types\/page"}],"author":[{"embeddable":true,"href":"https:\/\/rolfingcanada.org\/fr\/wp-json\/wp\/v2\/users\/72"}],"replies":[{"embeddable":true,"href":"https:\/\/rolfingcanada.org\/fr\/wp-json\/wp\/v2\/comments?post=2822"}],"version-history":[{"count":14,"href":"https:\/\/rolfingcanada.org\/fr\/wp-json\/wp\/v2\/pages\/2822\/revisions"}],"predecessor-version":[{"id":2973,"href":"https:\/\/rolfingcanada.org\/fr\/wp-json\/wp\/v2\/pages\/2822\/revisions\/2973"}],"wp:attachment":[{"href":"https:\/\/rolfingcanada.org\/fr\/wp-json\/wp\/v2\/media?parent=2822"}],"curies":[{"name":"wp","href":"https:\/\/api.w.org\/{rel}","templated":true}]}}