{"id":1958,"date":"2017-08-21T22:15:44","date_gmt":"2017-08-22T02:15:44","guid":{"rendered":"https:\/\/rolfingcanada.org\/?page_id=1958\/"},"modified":"2019-10-01T12:44:33","modified_gmt":"2019-10-01T16:44:33","slug":"description-dune-session-de-rolfing","status":"publish","type":"page","link":"https:\/\/rolfingcanada.org\/fr\/description-dune-session-de-rolfing\/","title":{"rendered":"Description d\u2019une s\u00e9ance de Rolfing\u00ae"},"content":{"rendered":"<p>Chaque s\u00e9ance de Rolfing<sup>\u00ae<\/sup> a lieu dans une salle de traitement am\u00e9nag\u00e9e par le <em>Rolfer\u2122<\/em>, que ce soit dans un bureau \u00e0 son domicile ou dans un local commercial.<\/p>\n<p><img loading=\"lazy\" decoding=\"async\" class=\"irc_mi aligncenter\" src=\"http:\/\/www.massagetableoutlet.com\/images\/blog_images\/massage-table.jpg\" alt=\"Image result for massage table\" width=\"450\" height=\"301\" \/><\/p>\n<p>Une s\u00e9ance de Rolfing<sup>\u00ae<\/sup> dure entre 60 et 90 minutes, pour un prix variant de 100\u00a0\u00e0 180\u00a0$ (NB: des taxes peuvent s&rsquo;appliquer) selon la r\u00e9gion du Canada et l\u2019exp\u00e9rience du praticien.<\/p>\n<p>Le client doit s\u2019attendre \u00e0 remplir un questionnaire pour faire conna\u00eetre son histoire m\u00e9dicale, les raisons de sa visite et ses coordonn\u00e9es. Il est important que client et <em>Rolfer\u2122<\/em>\u00a0s\u2019entendent \u00e0 l&rsquo;avance sur les conditions des s\u00e9ances (prix, dur\u00e9e, politique d&rsquo;annulation des rendez-vous, etc.); le client pourrait \u00eatre appel\u00e9 \u00e0 lire et \u00e0 signer un formulaire de consentement.\u00a0 \u00c0 noter que le Rolfing<sup>\u00ae<\/sup> ne remplace pas un traitement m\u00e9dical; il s\u2019agit plut\u00f4t d\u2019un compl\u00e9ment \u00e0 des soins m\u00e9dicaux.<\/p>\n<p>Au d\u00e9but de chaque s\u00e9ance, le praticien en Rolfing observe et \u00e9value la posture et la d\u00e9marche de son client (v\u00eatu de sous-v\u00eatements), <img loading=\"lazy\" decoding=\"async\" class=\" wp-image-2133 alignright\" src=\"https:\/\/rolfingcanada.org\/wp-content\/uploads\/2017\/08\/walkinginunderwear2-300x300.jpg\" alt=\"\" width=\"168\" height=\"168\" srcset=\"https:\/\/rolfingcanada.org\/wp-content\/uploads\/2017\/08\/walkinginunderwear2-300x300.jpg 300w, https:\/\/rolfingcanada.org\/wp-content\/uploads\/2017\/08\/walkinginunderwear2-150x150.jpg 150w, https:\/\/rolfingcanada.org\/wp-content\/uploads\/2017\/08\/walkinginunderwear2-1024x1024.jpg 1024w\" sizes=\"auto, (max-width: 168px) 100vw, 168px\" \/> puis il commence \u00e0 travailler en l&rsquo;invitant \u00e0 s\u2019allonger sur une table de traitement, s\u2019asseoir, se tenir debout, ou encore \u00e0 ex\u00e9cuter certains mouvements.<\/p>\n<p>Le Rolfing<sup>\u00ae<\/sup> est une th\u00e9rapie interactive. Le client est invit\u00e9 \u00e0 poser des questions et \u00e0 discuter avec son <em>Rolfer<\/em>\u00a0pendant l\u2019intervention. Si l\u2019exp\u00e9rience est par moments intense, elle devrait toujours respecter les seuils de tol\u00e9rance de chaque personne. Le praticien et le client travaillent ensemble \u00e0 l\u2019atteinte des objectifs structurels du client. \u00c0 cette fin, le <em>Rolfer<\/em><em>\u2122\u00a0<\/em>pourra sugg\u00e9rer certaines explorations de mouvements \u00e0 int\u00e9grer au fil du quotidien.<\/p>\n<p><img loading=\"lazy\" decoding=\"async\" class=\" wp-image-1699 alignleft\" src=\"https:\/\/rolfingcanada.org\/wp-content\/uploads\/2017\/08\/rolfer_client8_lg-300x300.jpg\" alt=\"\" width=\"149\" height=\"149\" srcset=\"https:\/\/rolfingcanada.org\/wp-content\/uploads\/2017\/08\/rolfer_client8_lg-300x300.jpg 300w, https:\/\/rolfingcanada.org\/wp-content\/uploads\/2017\/08\/rolfer_client8_lg-150x150.jpg 150w, https:\/\/rolfingcanada.org\/wp-content\/uploads\/2017\/08\/rolfer_client8_lg-1024x1024.jpg 1024w\" sizes=\"auto, (max-width: 149px) 100vw, 149px\" \/>Au terme d\u2019une s\u00e9ance de Rolfing<sup>\u00ae<\/sup>, les sensations peuvent varier d\u2019une fois \u00e0 l\u2019autre et selon les personnes. On peut \u00eatre \u00e9nergis\u00e9 par le travail re\u00e7u, \u00e9prouver des raideurs temporaires comme apr\u00e8s un entra\u00eenement sportif, se sentir all\u00e9g\u00e9, \u00ab\u00a0huil\u00e9\u00a0\u00bb, tr\u00e8s d\u00e9tendu, ou m\u00eame amorti.<\/p>\n<p>Une s\u00e9ance de Rolfing<sup>\u00ae<\/sup> s\u2019inscrit habituellement dans une s\u00e9rie de traitements, puisque la docteure Rolf a d\u00e9velopp\u00e9 une approche holistique et syst\u00e9mique qui soigne tout le corps.<\/p>\n<p>Pour en savoir plus, lire les pages suivantes : <a href=\"https:\/\/rolfingcanada.org\/fr\/lapproche-en-dix-temps-du-rolfing\/\">l&rsquo;approche en 10 temps du Rolfing<\/a> et <a href=\"https:\/\/rolfingcanada.org\/fr\/la-recherche-sur-le-rolfing\/\">la recherche sur l\u2019int\u00e9gration structurelle.<\/a><\/p>\n<p><img loading=\"lazy\" decoding=\"async\" class=\" wp-image-1432 aligncenter\" src=\"https:\/\/rolfingcanada.org\/wp-content\/uploads\/2017\/07\/littleboy4-300x300.jpg\" alt=\"\" width=\"97\" height=\"97\" srcset=\"https:\/\/rolfingcanada.org\/wp-content\/uploads\/2017\/07\/littleboy4-300x300.jpg 300w, https:\/\/rolfingcanada.org\/wp-content\/uploads\/2017\/07\/littleboy4-150x150.jpg 150w, https:\/\/rolfingcanada.org\/wp-content\/uploads\/2017\/07\/littleboy4-1024x1024.jpg 1024w\" sizes=\"auto, (max-width: 97px) 100vw, 97px\" \/><\/p>\n","protected":false},"excerpt":{"rendered":"<p>Chaque s\u00e9ance de Rolfing\u00ae a lieu dans une salle de traitement am\u00e9nag\u00e9e par le Rolfer\u2122, que ce soit dans un bureau \u00e0 son domicile ou dans un local commercial. Une s\u00e9ance de Rolfing\u00ae dure entre 60 et 90 minutes, pour un prix variant de 100\u00a0\u00e0 180\u00a0$ (NB: des taxes peuvent s&rsquo;appliquer) selon la r\u00e9gion du Canada et l\u2019exp\u00e9rience du praticien. Le client doit s\u2019attendre \u00e0 remplir un questionnaire pour faire conna\u00eetre son histoire m\u00e9dicale, les raisons de sa visite et &#038;hellip <i><a class=\"read-more\" href=\"https:\/\/rolfingcanada.org\/fr\/description-dune-session-de-rolfing\/\">read more<\/a><\/i><\/p>\n","protected":false},"author":72,"featured_media":0,"parent":0,"menu_order":0,"comment_status":"closed","ping_status":"closed","template":"template-full.php","meta":{"_acf_changed":false,"inline_featured_image":false,"_monsterinsights_skip_tracking":false,"_monsterinsights_sitenote_active":false,"_monsterinsights_sitenote_note":"","_monsterinsights_sitenote_category":0,"footnotes":""},"class_list":["post-1958","page","type-page","status-publish","hentry"],"acf":[],"_links":{"self":[{"href":"https:\/\/rolfingcanada.org\/fr\/wp-json\/wp\/v2\/pages\/1958","targetHints":{"allow":["GET"]}}],"collection":[{"href":"https:\/\/rolfingcanada.org\/fr\/wp-json\/wp\/v2\/pages"}],"about":[{"href":"https:\/\/rolfingcanada.org\/fr\/wp-json\/wp\/v2\/types\/page"}],"author":[{"embeddable":true,"href":"https:\/\/rolfingcanada.org\/fr\/wp-json\/wp\/v2\/users\/72"}],"replies":[{"embeddable":true,"href":"https:\/\/rolfingcanada.org\/fr\/wp-json\/wp\/v2\/comments?post=1958"}],"version-history":[{"count":55,"href":"https:\/\/rolfingcanada.org\/fr\/wp-json\/wp\/v2\/pages\/1958\/revisions"}],"predecessor-version":[{"id":3131,"href":"https:\/\/rolfingcanada.org\/fr\/wp-json\/wp\/v2\/pages\/1958\/revisions\/3131"}],"wp:attachment":[{"href":"https:\/\/rolfingcanada.org\/fr\/wp-json\/wp\/v2\/media?parent=1958"}],"curies":[{"name":"wp","href":"https:\/\/api.w.org\/{rel}","templated":true}]}}