{"id":1947,"date":"2017-08-21T21:53:58","date_gmt":"2017-08-22T01:53:58","guid":{"rendered":"https:\/\/rolfingcanada.org\/?page_id=1947\/"},"modified":"2019-10-01T11:55:22","modified_gmt":"2019-10-01T15:55:22","slug":"a-qui-sadresse-le-rolfing","status":"publish","type":"page","link":"https:\/\/rolfingcanada.org\/fr\/a-qui-sadresse-le-rolfing\/","title":{"rendered":"\u00c0 qui s\u2019adresse le Rolfing\u00ae ?"},"content":{"rendered":"<p>L\u2019int\u00e9gration structurelle par le Rolfing<sup>\u00ae<\/sup> s\u2019adresse \u00e0 toute personne qui souhaite se sentir mieux dans son corps et dans sa posture, \u00e9prouver une sensation d\u2019allongement corporel et am\u00e9liorer la qualit\u00e9 de ses mouvements dans sa pratique sportive ou artistique. Le Rolfing est pour tous les \u00e2ges!<\/p>\n<div aria-live=\"polite\" id=\"soliloquy-container-1739_1\" class=\"soliloquy-container soliloquy-transition-fade  soliloquy-theme-base\" style=\"max-width:960px;max-height:300px;\"><ul id=\"soliloquy-1739_1\" class=\"soliloquy-slider soliloquy-slides soliloquy-wrap soliloquy-clear\"><li aria-hidden=\"true\" class=\"soliloquy-item soliloquy-item-1 soliloquy-image-slide\" draggable=\"false\" style=\"list-style:none\"><img decoding=\"async\" id=\"soliloquy-image-1740\" class=\"soliloquy-image soliloquy-image-1\" src=\"https:\/\/rolfingcanada.org\/wp-content\/uploads\/2017\/08\/foto-sushi-128246-960x300_c.jpg\" alt=\"foto-sushi-128246\" \/><\/li><li aria-hidden=\"true\" class=\"soliloquy-item soliloquy-item-2 soliloquy-image-slide\" draggable=\"false\" style=\"list-style:none\"><img decoding=\"async\" id=\"soliloquy-image-1742\" class=\"soliloquy-image soliloquy-image-2\" src=\"https:\/\/rolfingcanada.org\/wp-content\/uploads\/2017\/08\/quino-al-249660-960x300_c.jpg\" alt=\"quino-al-249660\" \/><\/li><li aria-hidden=\"true\" class=\"soliloquy-item soliloquy-item-3 soliloquy-image-slide\" draggable=\"false\" style=\"list-style:none\"><img decoding=\"async\" id=\"soliloquy-image-1754\" class=\"soliloquy-image soliloquy-image-3\" src=\"https:\/\/rolfingcanada.org\/wp-content\/uploads\/2017\/08\/clem-onojeghuo-200955-960x300_c.jpg\" alt=\"clem-onojeghuo-200955\" \/><\/li><li aria-hidden=\"true\" class=\"soliloquy-item soliloquy-item-4 soliloquy-image-slide\" draggable=\"false\" style=\"list-style:none\"><img decoding=\"async\" id=\"soliloquy-image-1759\" class=\"soliloquy-image soliloquy-image-4\" src=\"https:\/\/rolfingcanada.org\/wp-content\/uploads\/2017\/08\/woman1-1-960x300_c.jpg\" alt=\"woman1\" \/><\/li><li aria-hidden=\"true\" class=\"soliloquy-item soliloquy-item-5 soliloquy-image-slide\" draggable=\"false\" style=\"list-style:none\"><img decoding=\"async\" id=\"soliloquy-image-1761\" class=\"soliloquy-image soliloquy-image-5\" src=\"https:\/\/rolfingcanada.org\/wp-content\/uploads\/2017\/08\/peoplewalking-960x300_c.jpg\" alt=\"peoplewalking\" \/><\/li><li aria-hidden=\"true\" class=\"soliloquy-item soliloquy-item-6 soliloquy-image-slide\" draggable=\"false\" style=\"list-style:none\"><img decoding=\"async\" id=\"soliloquy-image-1771\" class=\"soliloquy-image soliloquy-image-6\" src=\"https:\/\/rolfingcanada.org\/wp-content\/uploads\/2017\/08\/spot-runs-start-la-1-960x300_c.jpg\" alt=\"spot-runs-start-la\" \/><\/li><li aria-hidden=\"true\" class=\"soliloquy-item soliloquy-item-7 soliloquy-image-slide\" draggable=\"false\" style=\"list-style:none\"><img decoding=\"async\" id=\"soliloquy-image-1762\" class=\"soliloquy-image soliloquy-image-7\" src=\"https:\/\/rolfingcanada.org\/wp-content\/uploads\/2017\/08\/woman2-960x300_c.jpg\" alt=\"woman2\" \/><\/li><li aria-hidden=\"true\" class=\"soliloquy-item soliloquy-item-8 soliloquy-image-slide\" draggable=\"false\" style=\"list-style:none\"><img decoding=\"async\" id=\"soliloquy-image-1768\" class=\"soliloquy-image soliloquy-image-8\" src=\"https:\/\/rolfingcanada.org\/wp-content\/uploads\/2017\/08\/yoga1-1-960x300_c.jpg\" alt=\"yoga1\" \/><\/li><li aria-hidden=\"true\" class=\"soliloquy-item soliloquy-item-9 soliloquy-image-slide\" draggable=\"false\" style=\"list-style:none\"><img decoding=\"async\" id=\"soliloquy-image-1760\" class=\"soliloquy-image soliloquy-image-9\" src=\"https:\/\/rolfingcanada.org\/wp-content\/uploads\/2017\/08\/man1-960x300_c.jpg\" alt=\"man1\" \/><\/li><li aria-hidden=\"true\" class=\"soliloquy-item soliloquy-item-10 soliloquy-image-slide\" draggable=\"false\" style=\"list-style:none\"><img decoding=\"async\" id=\"soliloquy-image-1784\" class=\"soliloquy-image soliloquy-image-10\" src=\"https:\/\/rolfingcanada.org\/wp-content\/uploads\/2017\/08\/ballet-960x300_c.jpg\" alt=\"ballet\" \/><\/li><li aria-hidden=\"true\" class=\"soliloquy-item soliloquy-item-11 soliloquy-image-slide\" draggable=\"false\" style=\"list-style:none\"><img decoding=\"async\" id=\"soliloquy-image-1770\" class=\"soliloquy-image soliloquy-image-11\" src=\"https:\/\/rolfingcanada.org\/wp-content\/uploads\/2017\/08\/womanonbench-1-960x300_c.jpg\" alt=\"womanonbench\" \/><\/li><li aria-hidden=\"true\" class=\"soliloquy-item soliloquy-item-12 soliloquy-image-slide\" draggable=\"false\" style=\"list-style:none\"><img decoding=\"async\" id=\"soliloquy-image-1772\" class=\"soliloquy-image soliloquy-image-12\" src=\"https:\/\/rolfingcanada.org\/wp-content\/uploads\/2017\/08\/woman3-960x300_c.jpg\" alt=\"woman3\" \/><\/li><li aria-hidden=\"true\" class=\"soliloquy-item soliloquy-item-13 soliloquy-image-slide\" draggable=\"false\" style=\"list-style:none\"><img decoding=\"async\" id=\"soliloquy-image-1774\" class=\"soliloquy-image soliloquy-image-13\" src=\"https:\/\/rolfingcanada.org\/wp-content\/uploads\/2017\/08\/man2-1-960x300_c.jpg\" alt=\"man2\" \/><\/li><li aria-hidden=\"true\" class=\"soliloquy-item soliloquy-item-14 soliloquy-image-slide\" draggable=\"false\" style=\"list-style:none\"><img decoding=\"async\" id=\"soliloquy-image-1765\" class=\"soliloquy-image soliloquy-image-14\" src=\"https:\/\/rolfingcanada.org\/wp-content\/uploads\/2017\/08\/person11-1-960x300_c.jpg\" alt=\"person11\" \/><\/li><\/ul><\/div><noscript><style type=\"text\/css\">#soliloquy-container-1739_1{opacity:1}<\/style><\/noscript>\n<p>&nbsp;<\/p>\n<h3 style=\"text-align: center;\"><strong>Le Rolfing permet de:<\/strong><\/h3>\n<ul>\n<li style=\"text-align: left;\">maintenir une posture \u00e9quilibr\u00e9e en vieillissant<\/li>\n<li style=\"text-align: left;\">am\u00e9liorer ses performances sportives ou artistiques<\/li>\n<li style=\"text-align: left;\">r\u00e9cup\u00e9rer d\u2019exp\u00e9riences de stress traumatique<\/li>\n<li style=\"text-align: left;\">aligner son esprit et son c\u0153ur avec un corps lib\u00e9r\u00e9 de ses vieux mod\u00e8les de comportement<\/li>\n<li style=\"text-align: left;\">se lib\u00e9rer de douleurs structurelles chroniques<\/li>\n<li style=\"text-align: left;\">atteindre un meilleur \u00e9quilibre assis, debout et en marchant<\/li>\n<li style=\"text-align: left;\">augmenter la mobilit\u00e9 et la souplesse de tout le corps<\/li>\n<li style=\"text-align: left;\">allonger la colonne vert\u00e9brale pour se sentir plus droit<\/li>\n<li style=\"text-align: left;\">dynamiser le fonctionnement des pieds<\/li>\n<li style=\"text-align: left;\">int\u00e9grer la respiration tridimensionnelle<\/li>\n<li style=\"text-align: left;\">inviter un \u00e9tat de pleine conscience corporelle<\/li>\n<\/ul>\n<p>&nbsp;<\/p>\n<h3 style=\"text-align: center;\"><strong>Contre-indications \u00e0 l\u2019int\u00e9gration structurelle par le Rolfing<sup>\u00ae<\/sup><\/strong><\/h3>\n<p>Certains \u00e9tats de sant\u00e9 n\u00e9cessitent une attention sp\u00e9ciale. Les personnes souffrant de probl\u00e8mes m\u00e9dicaux doivent en parler avec leur <em>Rolfer\u2122<\/em>\u00a0d\u00e8s le d\u00e9but, afin de v\u00e9rifier si le Rolfing leur convient et s&rsquo;assurer qu&rsquo;elles recevront un travail adapt\u00e9 \u00e0 leur condition.<\/p>\n<p>&nbsp;<\/p>\n<p><img loading=\"lazy\" decoding=\"async\" class=\" wp-image-1432 aligncenter\" src=\"https:\/\/rolfingcanada.org\/wp-content\/uploads\/2017\/07\/littleboy4-300x300.jpg\" sizes=\"auto, (max-width: 149px) 100vw, 149px\" srcset=\"https:\/\/rolfingcanada.org\/wp-content\/uploads\/2017\/07\/littleboy4-300x300.jpg 300w, https:\/\/rolfingcanada.org\/wp-content\/uploads\/2017\/07\/littleboy4-150x150.jpg 150w, https:\/\/rolfingcanada.org\/wp-content\/uploads\/2017\/07\/littleboy4-1024x1024.jpg 1024w\" alt=\"\" width=\"149\" height=\"149\" \/><\/p>\n","protected":false},"excerpt":{"rendered":"<p>L\u2019int\u00e9gration structurelle par le Rolfing\u00ae s\u2019adresse \u00e0 toute personne qui souhaite se sentir mieux dans son corps et dans sa posture, \u00e9prouver une sensation d\u2019allongement corporel et am\u00e9liorer la qualit\u00e9 de ses mouvements dans sa pratique sportive ou artistique. Le Rolfing est pour tous les \u00e2ges! &nbsp; Le Rolfing permet de: maintenir une posture \u00e9quilibr\u00e9e en vieillissant am\u00e9liorer ses performances sportives ou artistiques r\u00e9cup\u00e9rer d\u2019exp\u00e9riences de stress traumatique aligner son esprit et son c\u0153ur avec un corps lib\u00e9r\u00e9 de ses &#038;hellip <i><a class=\"read-more\" href=\"https:\/\/rolfingcanada.org\/fr\/a-qui-sadresse-le-rolfing\/\">read more<\/a><\/i><\/p>\n","protected":false},"author":72,"featured_media":0,"parent":0,"menu_order":0,"comment_status":"closed","ping_status":"closed","template":"template-full.php","meta":{"_acf_changed":false,"inline_featured_image":false,"_monsterinsights_skip_tracking":false,"_monsterinsights_sitenote_active":false,"_monsterinsights_sitenote_note":"","_monsterinsights_sitenote_category":0,"footnotes":""},"class_list":["post-1947","page","type-page","status-publish","hentry"],"acf":[],"_links":{"self":[{"href":"https:\/\/rolfingcanada.org\/fr\/wp-json\/wp\/v2\/pages\/1947","targetHints":{"allow":["GET"]}}],"collection":[{"href":"https:\/\/rolfingcanada.org\/fr\/wp-json\/wp\/v2\/pages"}],"about":[{"href":"https:\/\/rolfingcanada.org\/fr\/wp-json\/wp\/v2\/types\/page"}],"author":[{"embeddable":true,"href":"https:\/\/rolfingcanada.org\/fr\/wp-json\/wp\/v2\/users\/72"}],"replies":[{"embeddable":true,"href":"https:\/\/rolfingcanada.org\/fr\/wp-json\/wp\/v2\/comments?post=1947"}],"version-history":[{"count":31,"href":"https:\/\/rolfingcanada.org\/fr\/wp-json\/wp\/v2\/pages\/1947\/revisions"}],"predecessor-version":[{"id":3444,"href":"https:\/\/rolfingcanada.org\/fr\/wp-json\/wp\/v2\/pages\/1947\/revisions\/3444"}],"wp:attachment":[{"href":"https:\/\/rolfingcanada.org\/fr\/wp-json\/wp\/v2\/media?parent=1947"}],"curies":[{"name":"wp","href":"https:\/\/api.w.org\/{rel}","templated":true}]}}