{"id":1933,"date":"2017-08-21T19:27:40","date_gmt":"2017-08-21T23:27:40","guid":{"rendered":"https:\/\/rolfingcanada.org\/?page_id=1933\/"},"modified":"2019-10-01T13:16:24","modified_gmt":"2019-10-01T17:16:24","slug":"la-science-de-lintegration-structurelle","status":"publish","type":"page","link":"https:\/\/rolfingcanada.org\/fr\/la-science-de-lintegration-structurelle\/","title":{"rendered":"La science de l&rsquo;int\u00e9gration structurelle"},"content":{"rendered":"<p style=\"text-align: center;\"><div aria-live=\"polite\" id=\"soliloquy-container-2873_1\" class=\"soliloquy-container soliloquy-transition-fade  soliloquy-theme-base\" style=\"max-width:960px;max-height:300px;\"><ul id=\"soliloquy-2873_1\" class=\"soliloquy-slider soliloquy-slides soliloquy-wrap soliloquy-clear\"><li aria-hidden=\"true\" class=\"soliloquy-item soliloquy-item-1 soliloquy-image-slide\" draggable=\"false\" style=\"list-style:none\"><img decoding=\"async\" id=\"soliloquy-image-2882\" class=\"soliloquy-image soliloquy-image-1\" src=\"https:\/\/rolfingcanada.org\/wp-content\/uploads\/2018\/01\/stackingrocks-960x300_c.jpg\" alt=\"stackingrocks\" \/><\/li><li aria-hidden=\"true\" class=\"soliloquy-item soliloquy-item-2 soliloquy-image-slide\" draggable=\"false\" style=\"list-style:none\"><img decoding=\"async\" id=\"soliloquy-image-2874\" class=\"soliloquy-image soliloquy-image-2\" src=\"https:\/\/rolfingcanada.org\/wp-content\/uploads\/2018\/01\/Gravity-960x300_c.jpg\" alt=\"Gravity\" \/><\/li><li aria-hidden=\"true\" class=\"soliloquy-item soliloquy-item-3 soliloquy-image-slide\" draggable=\"false\" style=\"list-style:none\"><img decoding=\"async\" id=\"soliloquy-image-2889\" class=\"soliloquy-image soliloquy-image-3\" src=\"https:\/\/rolfingcanada.org\/wp-content\/uploads\/2018\/01\/NormalForce-3-960x300_c.jpg\" alt=\"NormalForce\" \/><\/li><li aria-hidden=\"true\" class=\"soliloquy-item soliloquy-item-4 soliloquy-image-slide\" draggable=\"false\" style=\"list-style:none\"><img decoding=\"async\" id=\"soliloquy-image-2881\" class=\"soliloquy-image soliloquy-image-4\" src=\"https:\/\/rolfingcanada.org\/wp-content\/uploads\/2018\/01\/dancer-960x300_c.jpg\" alt=\"dancer\" \/><\/li><li aria-hidden=\"true\" class=\"soliloquy-item soliloquy-item-5 soliloquy-image-slide\" draggable=\"false\" style=\"list-style:none\"><img decoding=\"async\" id=\"soliloquy-image-2885\" class=\"soliloquy-image soliloquy-image-5\" src=\"https:\/\/rolfingcanada.org\/wp-content\/uploads\/2018\/01\/cell2-960x300_c.jpg\" alt=\"cell2\" \/><div class=\"soliloquy-caption\"><div class=\"soliloquy-caption-inside\">Fascia - le tissu conjonctif est l'organe de la forme<\/div><\/div><\/li><li aria-hidden=\"true\" class=\"soliloquy-item soliloquy-item-6 soliloquy-image-slide\" draggable=\"false\" style=\"list-style:none\"><img decoding=\"async\" id=\"soliloquy-image-2886\" class=\"soliloquy-image soliloquy-image-6\" src=\"https:\/\/rolfingcanada.org\/wp-content\/uploads\/2018\/01\/fascia1-960x300_c.jpg\" alt=\"fascia1\" \/><\/li><li aria-hidden=\"true\" class=\"soliloquy-item soliloquy-item-7 soliloquy-image-slide\" draggable=\"false\" style=\"list-style:none\"><img decoding=\"async\" id=\"soliloquy-image-2883\" class=\"soliloquy-image soliloquy-image-7\" src=\"https:\/\/rolfingcanada.org\/wp-content\/uploads\/2018\/01\/dancer2-960x300_c.jpg\" alt=\"dancer2\" \/><\/li><li aria-hidden=\"true\" class=\"soliloquy-item soliloquy-item-8 soliloquy-image-slide\" draggable=\"false\" style=\"list-style:none\"><img decoding=\"async\" id=\"soliloquy-image-2890\" class=\"soliloquy-image soliloquy-image-8\" src=\"https:\/\/rolfingcanada.org\/wp-content\/uploads\/2018\/01\/touch4-960x300_c.jpg\" alt=\"touch4\" \/><\/li><li aria-hidden=\"true\" class=\"soliloquy-item soliloquy-item-9 soliloquy-image-slide\" draggable=\"false\" style=\"list-style:none\"><img decoding=\"async\" id=\"soliloquy-image-2887\" class=\"soliloquy-image soliloquy-image-9\" src=\"https:\/\/rolfingcanada.org\/wp-content\/uploads\/2018\/01\/lightning-960x300_c.jpeg\" alt=\"lightning\" \/><div class=\"soliloquy-caption\"><div class=\"soliloquy-caption-inside\">Fascia a des neurones sensoriels et des cellules musculaires lisses int\u00e9gr\u00e9es<\/div><\/div><\/li><li aria-hidden=\"true\" class=\"soliloquy-item soliloquy-item-10 soliloquy-image-slide\" draggable=\"false\" style=\"list-style:none\"><img decoding=\"async\" id=\"soliloquy-image-2884\" class=\"soliloquy-image soliloquy-image-10\" src=\"https:\/\/rolfingcanada.org\/wp-content\/uploads\/2018\/01\/standingperson3-960x300_c.jpg\" alt=\"standingperson3\" \/><\/li><\/ul><\/div><noscript><style type=\"text\/css\">#soliloquy-container-2873_1{opacity:1}<\/style><\/noscript>\n<h6 id=\"tw-target-text\" class=\"tw-data-text tw-ta tw-text-small\" dir=\"ltr\" style=\"text-align: center;\" data-placeholder=\"Translation\"><span lang=\"fr\">Cliquez sur n&rsquo;importe quelle bulle pour faire une pause dans le diaporama<\/span><\/h6>\n<p>&nbsp;<\/p>\n<h3 style=\"text-align: center;\">La tens\u00e9grit\u00e9<\/h3>\n<p>En utilisant le toucher, les<em>\u00a0Rolfers\u2122<\/em>\u00a0appliquent des pressions multidirectionnelles sur\u00a0le r\u00e9seau <a href=\"https:\/\/rolfingcanada.org\/fr\/fascia-in-gravity\/\">des fascias du corps humain<\/a>, ce qui leur permet d&rsquo;optimiser la structure corporelle de leurs clients. Lorsque le corps est en meilleur alignement avec son axe de gravit\u00e9, il d\u00e9pense moins d&rsquo;effort pour \u00eatre debout et se mouvoir, et son fonctionnement neurobiologique se fait plus librement.\u00a0 En d&rsquo;autres mots, le corps est tout simplement plus confortable et mieux d\u00e9pos\u00e9.<\/p>\n<p><img loading=\"lazy\" decoding=\"async\" class=\" wp-image-1862 alignright\" src=\"https:\/\/rolfingcanada.org\/wp-content\/uploads\/2017\/07\/bridge-300x300.jpg\" alt=\"\" width=\"173\" height=\"173\" srcset=\"https:\/\/rolfingcanada.org\/wp-content\/uploads\/2017\/07\/bridge-300x300.jpg 300w, https:\/\/rolfingcanada.org\/wp-content\/uploads\/2017\/07\/bridge-150x150.jpg 150w, https:\/\/rolfingcanada.org\/wp-content\/uploads\/2017\/07\/bridge-1024x1024.jpg 1024w\" sizes=\"auto, (max-width: 173px) 100vw, 173px\" \/>La structure humaine ne se r\u00e9sume pas \u00e0 un simple squelette fait d\u2019os empil\u00e9s les uns sur les autres. Le corps est en r\u00e9alit\u00e9 une structure dot\u00e9e de la<a href=\"http:\/\/www.worldscientific.com\/doi\/abs\/10.1142\/S0219519402000472\"> facult\u00e9 de tens\u00e9grit\u00e9<\/a>, gr\u00e2ce\u00a0\u00e0 laquelle les os cr\u00e9ent de l\u2019espace pour permettre les dynamiques de flexion et de torsion, au sein d\u2019un syst\u00e8me r\u00e9silient qui s\u2019autocorrige.\u00a0 L\u2019int\u00e9gration structurelle par le Rolfing<sup>\u00ae<\/sup>\u00a0peut \u00eatre utilis\u00e9e pour restaurer l\u2019\u00e9quilibre du corps suite \u00e0 des traumatismes, des troubles musculo-squelettiques, au syndrome du mouvement r\u00e9p\u00e9titif, \u00e0 des probl\u00e8mes de d\u00e9veloppement, etc. Il peut aussi servir \u00e0 am\u00e9liorer les performances sportives ou artistiques, et \u00e0 actualiser dans le corps les d\u00e9marches de croissance personnelle et spirituelle.<\/p>\n<h3 style=\"text-align: center;\">Le r\u00e9seau des fascias<\/h3>\n<h3><img loading=\"lazy\" decoding=\"async\" class=\"wp-image-1880 alignleft\" src=\"https:\/\/rolfingcanada.org\/wp-content\/uploads\/2017\/07\/balancedrocks-300x300.jpg\" alt=\"\" width=\"130\" height=\"130\" srcset=\"https:\/\/rolfingcanada.org\/wp-content\/uploads\/2017\/07\/balancedrocks-300x300.jpg 300w, https:\/\/rolfingcanada.org\/wp-content\/uploads\/2017\/07\/balancedrocks-150x150.jpg 150w, https:\/\/rolfingcanada.org\/wp-content\/uploads\/2017\/07\/balancedrocks-1024x1024.jpg 1024w\" sizes=\"auto, (max-width: 130px) 100vw, 130px\" \/><\/h3>\n<p>Chacun d\u2019entre nous sur cette plan\u00e8te interagit avec le champ de la gravit\u00e9.\u00a0La docteure Ida P. Rolf a postul\u00e9 que la gravit\u00e9 est le th\u00e9rapeute : le travail du praticien en Rolfing consiste \u00e0 r\u00e9organiser le corps comme s\u2019il \u00e9tait un fil \u00e9lectrique, afin qu\u2019il laisse la force de gravit\u00e9 circuler plus librement. Pour ce faire, les <em>Rolfers<\/em><em>\u2122\u00a0<\/em>manipulent les fascias. Les fascias sont un r\u00e9seau de tissus conjonctifs dens\u00e9ment peupl\u00e9 de m\u00e9canor\u00e9cepteurs; ils sont \u00abl\u2019organe de la forme\u00a0\u00bb : leur r\u00f4le est de pr\u00e9server la structure du corps sous l\u2019action de la gravit\u00e9.<\/p>\n<p>La recherche nous enseigne que\u00a0les fascias agissent comme des fils \u00e9lectriques conduisant des charges locales\u00a0: c\u2019est\u00a0l\u2019effet pi\u00e9zo\u00e9lectrique. Ils sont dot\u00e9s de m\u00e9canor\u00e9cepteurs qui fonctionnent en arc r\u00e9flexe pour r\u00e9guler rapidement la vasodilatation. Ils disposent de neurones sensoriels connect\u00e9s au syst\u00e8me nerveux autonome, et poss\u00e8dent des motoneurones les reliant aux cellules musculaires lisses contractiles. Les fascias sont vivants\u00a0: ils per\u00e7oivent, ont une dynamique de fluides complexe, et ils bougent. Ils maintiennent la forme du corps dans le champ gravitationnel, compte tenu du v\u00e9cu et de la g\u00e9n\u00e9tique de la personne.<\/p>\n<h3 style=\"text-align: center;\">La gravit\u00e9<\/h3>\n<p>Toute notre vie, la force gravitationnelle de cette grande masse qu\u2019est la plan\u00e8te Terre attire constamment notre comparativement minuscule masse humaine vers son centre. Heureusement, nous ne sommes pas toujours en train de tomber,\u00a0car la surface de la plan\u00e8te nous pousse vers le haut avec une force oppos\u00e9e \u00e9quivalente,\u00a0appel\u00e9e force normale.<\/p>\n<p><img loading=\"lazy\" decoding=\"async\" class=\" wp-image-1878 alignleft\" src=\"https:\/\/rolfingcanada.org\/wp-content\/uploads\/2017\/07\/plumbline-300x300.jpg\" alt=\"\" width=\"161\" height=\"161\" srcset=\"https:\/\/rolfingcanada.org\/wp-content\/uploads\/2017\/07\/plumbline-300x300.jpg 300w, https:\/\/rolfingcanada.org\/wp-content\/uploads\/2017\/07\/plumbline-150x150.jpg 150w, https:\/\/rolfingcanada.org\/wp-content\/uploads\/2017\/07\/plumbline-1024x1024.jpg 1024w\" sizes=\"auto, (max-width: 161px) 100vw, 161px\" \/>\u00c0 la diff\u00e9rence des colonnes et tours \u00e9rig\u00e9s en hauteur qui illustrent bien le principe d\u2019alignement vertical statique, le corps est une structure vivante, dynamique, capable de g\u00e9rer les forces diverses et complexes qui lui permettent de fl\u00e9chir, se tordre, se d\u00e9placer, soutenir une pression, supporter un poids, etc. Id\u00e9alement, lorsqu\u2019elle est debout, la structure humaine est organis\u00e9e selon une ligne verticale virtuelle correspondant \u00e0 son axe de gravit\u00e9; lorsqu\u2019elle bouge, cette ligne est comme une voie centrale o\u00f9 convergent, se conjuguent et circulent les forces d\u2019appui et de propulsion.<\/p>\n<p><img loading=\"lazy\" decoding=\"async\" class=\"wp-image-1885 alignright\" src=\"https:\/\/rolfingcanada.org\/wp-content\/uploads\/2017\/07\/yogalift-300x300.jpg\" alt=\"\" width=\"216\" height=\"216\" srcset=\"https:\/\/rolfingcanada.org\/wp-content\/uploads\/2017\/07\/yogalift-300x300.jpg 300w, https:\/\/rolfingcanada.org\/wp-content\/uploads\/2017\/07\/yogalift-150x150.jpg 150w, https:\/\/rolfingcanada.org\/wp-content\/uploads\/2017\/07\/yogalift-1024x1024.jpg 1024w\" sizes=\"auto, (max-width: 216px) 100vw, 216px\" \/><\/p>\n<p>La docteure Ida P. Rolf et le corps professoral de l\u2019<i>Institut Dr. Ida Rolf<\/i>\u00a0(DIRI)<span class=\"apple-converted-space\">\u00a0<\/span>ont d\u00e9velopp\u00e9 des mod\u00e8les holistiques d\u00e9crivant les patrons de la forme humaine et analysant comment la gravit\u00e9 en d\u00e9termine la verticalit\u00e9 et l\u2019\u00e9quilibre. Les<i> <em>Rolfers\u2122<\/em><\/i>\u00a0apprennent \u00e0 ressentir les effets de cette force sur leurs propres corps, et aussi en observant les gens qui les entourent. Ce savoir-faire est donc bas\u00e9 sur l\u2019exp\u00e9rience directe; il \u00e9claire les strat\u00e9gies de manipulations qui servent les objectifs du Rolfing, pour le mieux-\u00eatre des clients.<\/p>\n<p>&nbsp;<\/p>\n<h3 style=\"text-align: center;\">Le toucher comme facteur de changement<\/h3>\n<p>20<sup>e<\/sup> si\u00e8cle\u00a0: <strong>mod\u00e8le m\u00e9canique<\/strong><\/p>\n<p><img loading=\"lazy\" decoding=\"async\" class=\"wp-image-1914 alignright\" src=\"https:\/\/rolfingcanada.org\/wp-content\/uploads\/2017\/07\/gentleman_before_after-2-300x300.jpg\" alt=\"\" width=\"137\" height=\"137\" srcset=\"https:\/\/rolfingcanada.org\/wp-content\/uploads\/2017\/07\/gentleman_before_after-2-300x300.jpg 300w, https:\/\/rolfingcanada.org\/wp-content\/uploads\/2017\/07\/gentleman_before_after-2-150x150.jpg 150w, https:\/\/rolfingcanada.org\/wp-content\/uploads\/2017\/07\/gentleman_before_after-2-1024x1024.jpg 1024w\" sizes=\"auto, (max-width: 137px) 100vw, 137px\" \/>En son temps, la docteure Ida P. Rolf a d\u00e9montr\u00e9 par des preuves photographiques comment la posture de ses clients s\u2019\u00e9tait transform\u00e9e. Elle postulait que ces changements structurels sont le r\u00e9sultat d\u2019une action m\u00e9canique, c\u2019est-\u00e0-dire que l\u2019application de pression induit l\u2019\u00e9tirement des fascias, l\u2019allongement de segments chroniquement courts et le d\u00e9nouement des tensions, ce qui permet de r\u00e9organiser le corps en profondeur, et le r\u00e9aligner avec son axe de gravit\u00e9.<\/p>\n<p>21<sup>e<\/sup> si\u00e8cle\u00a0:<strong> mod\u00e8le neurobiologique<\/strong><\/p>\n<p><img loading=\"lazy\" decoding=\"async\" class=\"wp-image-1832 alignleft\" src=\"https:\/\/rolfingcanada.org\/wp-content\/uploads\/2017\/07\/IPR_Working-1-300x300.jpg\" alt=\"\" width=\"142\" height=\"142\" srcset=\"https:\/\/rolfingcanada.org\/wp-content\/uploads\/2017\/07\/IPR_Working-1-300x300.jpg 300w, https:\/\/rolfingcanada.org\/wp-content\/uploads\/2017\/07\/IPR_Working-1-150x150.jpg 150w, https:\/\/rolfingcanada.org\/wp-content\/uploads\/2017\/07\/IPR_Working-1-1024x1024.jpg 1024w\" sizes=\"auto, (max-width: 142px) 100vw, 142px\" \/>En 2003, Robert Schleip, Ph.\u00a0D., a publi\u00e9 une \u00e9tude phare pour la communaut\u00e9 de l\u2019int\u00e9gration structurelle\u00a0: <a href=\"http:\/\/www.sciencedirect.com\/science\/article\/pii\/S1360859202000670\"><i>Fascial plasticity \u2013 a new neurobiological explanation, Part\u00a01<\/i><\/a><i> <\/i><i>and <\/i><a href=\"http:\/\/www.sciencedirect.com\/science\/article\/pii\/S1360859202000761\"><i>Part\u00a02<\/i><\/a><i> <\/i>(en anglais seulement).\u00a0 Il y d\u00e9montre que les changements dans les fascias ne s\u2019expliquent pas seulement par l\u2019\u00e9tirement des tissus conjonctifs. Des recherches plus r\u00e9centes d\u00e9crivent l\u2019innervation et les m\u00e9canor\u00e9cepteurs \u00e0 l\u2019\u0153uvre dans le fascia, ainsi que l\u2019action des cellules musculaires lisses, ce qui indique que le fascia lui-m\u00eame se contracte. Le docteur Schleip postule donc que l\u2019intervention par le toucher sur les fascias, en plus d\u2019avoir un effet m\u00e9canique, entra\u00eene un changement neurologique palpable dans les tissus.<\/p>\n<p>Pour en savoir plus, lisez la page\u00a0<a href=\"https:\/\/rolfingcanada.org\/fr\/fascia-in-gravity\/\"><i>Les fascias dans l\u2019axe gravitationnel<\/i><\/a>.<\/p>\n<p>&nbsp;<\/p>\n<h3><img loading=\"lazy\" decoding=\"async\" class=\"alignnone wp-image-1432 aligncenter\" src=\"https:\/\/rolfingcanada.org\/wp-content\/uploads\/2017\/07\/littleboy4-300x300.jpg\" alt=\"\" width=\"97\" height=\"97\" srcset=\"https:\/\/rolfingcanada.org\/wp-content\/uploads\/2017\/07\/littleboy4-300x300.jpg 300w, https:\/\/rolfingcanada.org\/wp-content\/uploads\/2017\/07\/littleboy4-150x150.jpg 150w, https:\/\/rolfingcanada.org\/wp-content\/uploads\/2017\/07\/littleboy4-1024x1024.jpg 1024w\" sizes=\"auto, (max-width: 97px) 100vw, 97px\" \/><\/h3>\n","protected":false},"excerpt":{"rendered":"<p>Cliquez sur n&rsquo;importe quelle bulle pour faire une pause dans le diaporama &nbsp; La tens\u00e9grit\u00e9 En utilisant le toucher, les\u00a0Rolfers\u2122\u00a0appliquent des pressions multidirectionnelles sur\u00a0le r\u00e9seau des fascias du corps humain, ce qui leur permet d&rsquo;optimiser la structure corporelle de leurs clients. Lorsque le corps est en meilleur alignement avec son axe de gravit\u00e9, il d\u00e9pense moins d&rsquo;effort pour \u00eatre debout et se mouvoir, et son fonctionnement neurobiologique se fait plus librement.\u00a0 En d&rsquo;autres mots, le corps est tout simplement plus &#038;hellip <i><a class=\"read-more\" href=\"https:\/\/rolfingcanada.org\/fr\/la-science-de-lintegration-structurelle\/\">read more<\/a><\/i><\/p>\n","protected":false},"author":72,"featured_media":0,"parent":0,"menu_order":0,"comment_status":"closed","ping_status":"closed","template":"template-full.php","meta":{"_acf_changed":false,"inline_featured_image":false,"_monsterinsights_skip_tracking":false,"_monsterinsights_sitenote_active":false,"_monsterinsights_sitenote_note":"","_monsterinsights_sitenote_category":0,"footnotes":""},"class_list":["post-1933","page","type-page","status-publish","hentry"],"acf":[],"_links":{"self":[{"href":"https:\/\/rolfingcanada.org\/fr\/wp-json\/wp\/v2\/pages\/1933","targetHints":{"allow":["GET"]}}],"collection":[{"href":"https:\/\/rolfingcanada.org\/fr\/wp-json\/wp\/v2\/pages"}],"about":[{"href":"https:\/\/rolfingcanada.org\/fr\/wp-json\/wp\/v2\/types\/page"}],"author":[{"embeddable":true,"href":"https:\/\/rolfingcanada.org\/fr\/wp-json\/wp\/v2\/users\/72"}],"replies":[{"embeddable":true,"href":"https:\/\/rolfingcanada.org\/fr\/wp-json\/wp\/v2\/comments?post=1933"}],"version-history":[{"count":51,"href":"https:\/\/rolfingcanada.org\/fr\/wp-json\/wp\/v2\/pages\/1933\/revisions"}],"predecessor-version":[{"id":4015,"href":"https:\/\/rolfingcanada.org\/fr\/wp-json\/wp\/v2\/pages\/1933\/revisions\/4015"}],"wp:attachment":[{"href":"https:\/\/rolfingcanada.org\/fr\/wp-json\/wp\/v2\/media?parent=1933"}],"curies":[{"name":"wp","href":"https:\/\/api.w.org\/{rel}","templated":true}]}}