{"id":1922,"date":"2017-08-21T19:08:47","date_gmt":"2017-08-21T23:08:47","guid":{"rendered":"https:\/\/rolfingcanada.org\/?page_id=1922\/"},"modified":"2019-10-01T13:01:35","modified_gmt":"2019-10-01T17:01:35","slug":"a-propos-de-la-docteure-ida-p-rolf","status":"publish","type":"page","link":"https:\/\/rolfingcanada.org\/fr\/a-propos-de-la-docteure-ida-p-rolf\/","title":{"rendered":"\u00c0 propos de la docteure Ida P. Rolf"},"content":{"rendered":"<div id=\"attachment_1923\" style=\"width: 310px\" class=\"wp-caption aligncenter\"><img loading=\"lazy\" decoding=\"async\" aria-describedby=\"caption-attachment-1923\" class=\"wp-image-1923 size-medium\" src=\"https:\/\/rolfingcanada.org\/wp-content\/uploads\/2017\/08\/IPR_FootWork-300x300.jpg\" alt=\"\" width=\"300\" height=\"300\" srcset=\"https:\/\/rolfingcanada.org\/wp-content\/uploads\/2017\/08\/IPR_FootWork-300x300.jpg 300w, https:\/\/rolfingcanada.org\/wp-content\/uploads\/2017\/08\/IPR_FootWork-150x150.jpg 150w, https:\/\/rolfingcanada.org\/wp-content\/uploads\/2017\/08\/IPR_FootWork-1024x1024.jpg 1024w\" sizes=\"auto, (max-width: 300px) 100vw, 300px\" \/><p id=\"caption-attachment-1923\" class=\"wp-caption-text\">Dre Ida P. Rolf (1896 &#8211; 1979)<\/p><\/div>\n<p>La docteure Ida P. Rolf est n\u00e9e \u00e0 New York en 1896 et a grandi dans le Bronx. C\u2019est en 1916, durant la Premi\u00e8re Guerre mondiale, qu\u2019elle d\u00e9croche son dipl\u00f4me du Barnard College. Elle re\u00e7oit ensuite son doctorat en biochimie de l\u2019Universit\u00e9 de Columbia (\u00c9tats-Unis), plus pr\u00e9cis\u00e9ment du <em>College of Physicians and Surgeons<\/em>. Ida P. Rolf enseignera par ailleurs \u00e0 l\u2019Universit\u00e9\u00a0Rockefeller jusqu\u2019\u00e0 la fin des ann\u00e9es 1920. \u00c0 la mort de son p\u00e8re, elle quitte l\u2019enseignement pour g\u00e9rer l\u2019entreprise familiale.<\/p>\n<div style=\"width: 195px\" class=\"wp-caption alignright\"><img loading=\"lazy\" decoding=\"async\" class=\"irc_mi\" src=\"https:\/\/s-media-cache-ak0.pinimg.com\/736x\/23\/2c\/08\/232c086842588fade0bca7c2809864b7--rockefeller-university-new-york-city.jpg\" alt=\"Image result for rockefeller university 1916\" width=\"185\" height=\"138\" \/><p class=\"wp-caption-text\">L\u2019Universit\u00e9 Rockefeller 1917<\/p><\/div>\n<p>Le d\u00e9veloppement de la th\u00e9rapie par le toucher, qu\u2019Ida\u00a0P. Rolf a nomm\u00e9e int\u00e9gration structurelle par le Rolfing<sup>\u00ae<\/sup>, est n\u00e9 de son exp\u00e9rience personnelle qu\u2019elle a traduite en approche clinique. Prise de douleurs chroniques et de malaises corporels, Ida P. Rolf cherchait activement une voie de soulagement, et c\u2019est en \u00e9tudiant aupr\u00e8s de praticiens du yoga, d\u2019ost\u00e9opathes et d\u2019hom\u00e9opathes qu\u2019elle a pu recouvrer la sant\u00e9. Sa propre exp\u00e9rience l\u2019a convaincue que l\u2019\u00eatre humain peut se remettre de l\u00e9sions aux tissus mous par des interventions actives sur ces structures. Elle a effectivement constat\u00e9 avoir retrouv\u00e9 ses fonctions optimales gr\u00e2ce \u00e0 l\u2019allongement et \u00e0 l\u2019\u00e9quilibrage de sa structure dans l\u2019axe de la gravit\u00e9, et que ces principes \u00e9taient vrais pour tout le monde.<\/p>\n<p><img loading=\"lazy\" decoding=\"async\" class=\"wp-image-1304 alignleft\" src=\"https:\/\/rolfingcanada.org\/wp-content\/uploads\/2017\/07\/rolfer_client5_lg-2-300x300.jpg\" sizes=\"auto, (max-width: 149px) 100vw, 149px\" srcset=\"https:\/\/rolfingcanada.org\/wp-content\/uploads\/2017\/07\/rolfer_client5_lg-2-300x300.jpg 300w, https:\/\/rolfingcanada.org\/wp-content\/uploads\/2017\/07\/rolfer_client5_lg-2-150x150.jpg 150w, https:\/\/rolfingcanada.org\/wp-content\/uploads\/2017\/07\/rolfer_client5_lg-2-1024x1024.jpg 1024w\" alt=\"\" width=\"149\" height=\"149\" \/><\/p>\n<p>La talentueuse professeure de musique qu\u2019Ida P. Rolf avait trouv\u00e9e pour ses jeunes enfants \u00e9tait tomb\u00e9e et ne pouvait plus jouer du piano \u00e0 cause de ses blessures. Mais la docteure Ida\u00a0P.\u00a0Rolf a offert de l\u2019aider \u00e0 retrouver ses capacit\u00e9s en \u00e9change de le\u00e7ons pour ses enfants. En repla\u00e7ant les tissus mous correctement et en allongeant la structure corporelle de l\u2019artiste, une \u00e9tape \u00e0 la fois, Ida\u00a0P. Rolf a amen\u00e9 la pianiste \u00e0 jouir de nouveau de son art.<\/p>\n<p>Ida P. Rolf a poursuivi ce travail de r\u00e9habilitation par le toucher aupr\u00e8s de gens de sa communaut\u00e9 gri\u00e8vement bless\u00e9s. Une femme, par exemple, avait subi des blessures qui avaient chang\u00e9 sa vie apr\u00e8s avoir fait une malheureuse chute dans une piscine alors qu\u2019elle n\u2019avait que huit\u00a0ans. Cette femme, qui devait \u00eatre assist\u00e9e physiquement dans ses activit\u00e9s de tous les jours depuis cet \u00e2ge, \u00e9tait dans la quarantaine au moment de rencontrer Ida\u00a0P.\u00a0Rolf. Il a fallu du temps, mais finalement, cette femme a retrouv\u00e9 une ind\u00e9pendance totale gr\u00e2ce aux manipulations de la docteure Ida P. Rolf. Or comme de plus en plus de gens frappaient \u00e0 la porte de la docteure, elle a continu\u00e9 de mettre ses mains expertes au service de gens qui avaient besoin d\u2019aide.<\/p>\n<p><img loading=\"lazy\" decoding=\"async\" class=\" wp-image-1432 alignright\" src=\"https:\/\/rolfingcanada.org\/wp-content\/uploads\/2017\/07\/littleboy4-300x300.jpg\" sizes=\"auto, (max-width: 120px) 100vw, 120px\" srcset=\"https:\/\/rolfingcanada.org\/wp-content\/uploads\/2017\/07\/littleboy4-300x300.jpg 300w, https:\/\/rolfingcanada.org\/wp-content\/uploads\/2017\/07\/littleboy4-150x150.jpg 150w, https:\/\/rolfingcanada.org\/wp-content\/uploads\/2017\/07\/littleboy4-1024x1024.jpg 1024w\" alt=\"\" width=\"120\" height=\"120\" \/><\/p>\n<p>La docteure Ida P. Rolf avait reconnu dans la structure humaine des mod\u00e8les d\u2019organisation gravitationnelle qui aident sensiblement \u00e0 la r\u00e9cup\u00e9ration de personnes souffrant de douleurs chroniques. Elle avait aussi d\u00e9couvert des principes de toucher th\u00e9rapeutique qui acc\u00e9l\u00e8rent le processus naturel de r\u00e9cup\u00e9ration du corps humain. Son travail avait m\u00eame acquis la r\u00e9putation d\u2019aider les gens que d\u2019autres praticiens n\u2019avaient pas pu aider.\u00a0Des gens souffrant de plusieurs types de douleurs faisaient alors la queue pour vivre l\u2019exp\u00e9rience de l\u2019int\u00e9gration structurelle par le Rolfing<sup>\u00ae<\/sup>. Ida P. Rolf a par ailleurs travaill\u00e9 partout aux \u00c9tats-Unis, au Canada et en Europe, y enseignant que la th\u00e9rapie du toucher des fascias ax\u00e9e sur l\u2019alignement gravitationnel peut aider une personne \u00e0 devenir plus \u00e9quilibr\u00e9e, et qu\u2019une structure \u00e9quilibr\u00e9e se gu\u00e9rit d\u2019elle-m\u00eame.<\/p>\n<p><img loading=\"lazy\" decoding=\"async\" class=\"size-medium wp-image-1765 alignleft\" src=\"https:\/\/rolfingcanada.org\/wp-content\/uploads\/2017\/08\/person11-1-300x300.jpg\" sizes=\"auto, (max-width: 300px) 100vw, 300px\" srcset=\"https:\/\/rolfingcanada.org\/wp-content\/uploads\/2017\/08\/person11-1-300x300.jpg 300w, https:\/\/rolfingcanada.org\/wp-content\/uploads\/2017\/08\/person11-1-150x150.jpg 150w, https:\/\/rolfingcanada.org\/wp-content\/uploads\/2017\/08\/person11-1-1024x1024.jpg 1024w\" alt=\"\" width=\"300\" height=\"300\" \/><\/p>\n<p>Dans les ann\u00e9es 1960, la docteure Ida P. Rolf a d\u00e9velopp\u00e9 une s\u00e9rie de dix s\u00e9ances d\u2019int\u00e9gration structurelle par le Rolfing qui visait syst\u00e9matiquement le corps humain dans son int\u00e9gralit\u00e9. Les interventions par le toucher d\u00e9coulaient alors de l\u2019\u00e9valuation visuelle et de d\u00e9ductions anatomiques logiques. Pour l\u2019\u00e9valuation, les gens se tenaient debout, en sous-v\u00eatements, et Ida\u00a0P.\u00a0Rolf exigeait de ses \u00e9tudiants qu\u2019ils d\u00e9crivent avec grande pr\u00e9cision l\u2019unicit\u00e9 tridimensionnelle des personnes. C\u2019est ainsi que les <em>Rolfers\u2122<\/em>\u00a0sont devenus des praticiens qui, avec leurs mains, peuvent aider \u00e0 r\u00e9aligner et tonifier les r\u00e9gions corporelles courb\u00e9es par le temps, ou ayant subi des blessures ou traumatismes suite\u00a0\u00e0 un accident, ou un choc \u00e9motionel, etc.<\/p>\n<p>En 1963, Ida P. Rolf publie \u00e0 compte d\u2019auteur <em>Gravity: An Unexplored Factor in a More Human Use of Human Beings<\/em>. Cet ouvrage de r\u00e9f\u00e9rence d\u00e9crit la philosophie de l\u2019int\u00e9gration structurelle par le Rolfing<sup>\u00ae<\/sup>, et l&rsquo;ancre dans la logique de l\u2019\u00e9valuation gravitationnelle de toutes les structures anatomiques de l\u2019\u00eatre humain, ainsi que dans les relations fonctionnelles qui forgent les diff\u00e9rences individuelles. <img loading=\"lazy\" decoding=\"async\" class=\"size-medium wp-image-1830 alignright\" src=\"https:\/\/rolfingcanada.org\/wp-content\/uploads\/2017\/07\/stackingrocks-300x300.jpg\" alt=\"\" width=\"300\" height=\"300\" srcset=\"https:\/\/rolfingcanada.org\/wp-content\/uploads\/2017\/07\/stackingrocks-300x300.jpg 300w, https:\/\/rolfingcanada.org\/wp-content\/uploads\/2017\/07\/stackingrocks-150x150.jpg 150w, https:\/\/rolfingcanada.org\/wp-content\/uploads\/2017\/07\/stackingrocks-1024x1024.jpg 1024w\" sizes=\"auto, (max-width: 300px) 100vw, 300px\" \/>Le mod\u00e8le de la docteure Rolf repose sur les lois de la m\u00e9canique selon lesquelles les structures verticales, pour \u00eatre stables, doivent avoir leurs masses (bassin, thorax, t\u00eate) \u00e9quilibr\u00e9es le long d\u2019un axe gravitationnel, et les forces de tension dans tous les tissus mous (myofasciaux, vasculaires, neuronaux, visc\u00e9raux, etc.) doivent donner aux os leurs positions respectives. Les interventions par le toucher con\u00e7ues par la docteure Rolf invitent la force de gravit\u00e9\u00a0\u00e0 circuler avec plus d&rsquo;aisance, dans une structure r\u00e9\u00e9quilibr\u00e9e, et procurent \u00e0 la personne une sensation de nouvelle l\u00e9g\u00e8ret\u00e9.<\/p>\n<p>En 1971, Ida P. Rolf a\u00a0mis sur pied l\u2019Institut Rolf d\u2019Int\u00e9gration Structurelle &#8211; maintenant appel\u00e9 <em>Dr Ida Rolf Institute<sup>\u00ae<\/sup><\/em> (DIRI) &#8211; \u00e0 Boulder, au Colorado, un \u00e9tablissement dot\u00e9 d\u2019un corps professoral bien \u00e9tabli et d\u2019un programme d\u2019enseignement de l\u2019int\u00e9gration structurelle par le Rolfing<sup>\u00ae<\/sup>. Ida\u00a0P. Rolf \u00e9tait d\u00e9termin\u00e9e \u00e0 produire une preuve \u00e9valu\u00e9e par les pairs et des interventions reproductibles \u00e0 partir de son mod\u00e8le d\u2019int\u00e9gration structurelle. Ses id\u00e9es novatrices ont attir\u00e9 de talentueux enseignants venus travailler \u00e0 ses c\u00f4t\u00e9s pour parfaire un mod\u00e8le d\u00e9crivant pr\u00e9cis\u00e9ment ce qui se produit dans le corps du client durant une s\u00e9ance de Rolfing.<\/p>\n<p>Vers la fin de sa vie, Ida P. Rolf a continu\u00e9 de travailler sans rel\u00e2che \u00e0 communiquer et \u00e0 enseigner les principes de l\u2019int\u00e9gration structurelle par le Rolfing, produisant une toute nouvelle cat\u00e9gorie de professionnels de la th\u00e9rapie manuelle.<img loading=\"lazy\" decoding=\"async\" class=\" wp-image-1832 alignleft\" src=\"https:\/\/rolfingcanada.org\/wp-content\/uploads\/2017\/07\/IPR_Working-1-300x300.jpg\" alt=\"\" width=\"196\" height=\"196\" srcset=\"https:\/\/rolfingcanada.org\/wp-content\/uploads\/2017\/07\/IPR_Working-1-300x300.jpg 300w, https:\/\/rolfingcanada.org\/wp-content\/uploads\/2017\/07\/IPR_Working-1-150x150.jpg 150w, https:\/\/rolfingcanada.org\/wp-content\/uploads\/2017\/07\/IPR_Working-1-1024x1024.jpg 1024w\" sizes=\"auto, (max-width: 196px) 100vw, 196px\" \/> \u00c0 son d\u00e9c\u00e8s, en 1979, elle avait r\u00e9ussi \u00e0 former une vaste cohorte de practiciens et enseignants\u00a0engag\u00e9s \u00e0 promouvoir l\u2019int\u00e9gration structurelle.<\/p>\n<p>L\u2019h\u00e9ritage bien vivant de la docteure Ida P. Rolf se trouve dans les mains de chaque praticien en Rolfing canadien\u00a0: ces mains r\u00e9alisent un toucher th\u00e9rapeutique comp\u00e9tent, enracin\u00e9 dans l\u2019\u00e9tude de l\u2019anatomie, la physiologie, la biom\u00e9canique et la neurologie, entre autres savoirs. De plus, chaque praticien enrichit son travail par sa propre \u00e9ducation dans des champs qui varient selon les int\u00e9r\u00eats personnels, ce qui fait de chaque s\u00e9ance de Rolfing une exp\u00e9rience unique. Tous les <em>Rolfers\u2122<\/em>\u00a0ont pris le m\u00eame engagement\u00a0: \u00e9tudier le travail de la docteure Ida P. Rolf, ses mod\u00e8les, sa ma\u00eetrise des interventions par le toucher et sa d\u00e9termination \u00e0 amalgamer la pratique exp\u00e9rientielle et la th\u00e9rapie manuelle scientifiquement \u00e9prouv\u00e9e.<\/p>\n<p>Source\u00a0: <em>Rolfing and Physical Reality<\/em>, tir\u00e9 de l\u2019introduction de Rosemary\u00a0Feitis, 1990.<\/p>\n<p>&nbsp;<\/p>\n<p><img loading=\"lazy\" decoding=\"async\" class=\" wp-image-1432 aligncenter\" src=\"https:\/\/rolfingcanada.org\/wp-content\/uploads\/2017\/07\/littleboy4-300x300.jpg\" sizes=\"auto, (max-width: 124px) 100vw, 124px\" srcset=\"https:\/\/rolfingcanada.org\/wp-content\/uploads\/2017\/07\/littleboy4-300x300.jpg 300w, https:\/\/rolfingcanada.org\/wp-content\/uploads\/2017\/07\/littleboy4-150x150.jpg 150w, https:\/\/rolfingcanada.org\/wp-content\/uploads\/2017\/07\/littleboy4-1024x1024.jpg 1024w\" alt=\"\" width=\"124\" height=\"124\" \/><\/p>\n","protected":false},"excerpt":{"rendered":"<p>La docteure Ida P. Rolf est n\u00e9e \u00e0 New York en 1896 et a grandi dans le Bronx. C\u2019est en 1916, durant la Premi\u00e8re Guerre mondiale, qu\u2019elle d\u00e9croche son dipl\u00f4me du Barnard College. Elle re\u00e7oit ensuite son doctorat en biochimie de l\u2019Universit\u00e9 de Columbia (\u00c9tats-Unis), plus pr\u00e9cis\u00e9ment du College of Physicians and Surgeons. Ida P. Rolf enseignera par ailleurs \u00e0 l\u2019Universit\u00e9\u00a0Rockefeller jusqu\u2019\u00e0 la fin des ann\u00e9es 1920. \u00c0 la mort de son p\u00e8re, elle quitte l\u2019enseignement pour g\u00e9rer l\u2019entreprise familiale. &#038;hellip <i><a class=\"read-more\" href=\"https:\/\/rolfingcanada.org\/fr\/a-propos-de-la-docteure-ida-p-rolf\/\">read more<\/a><\/i><\/p>\n","protected":false},"author":72,"featured_media":0,"parent":0,"menu_order":0,"comment_status":"closed","ping_status":"closed","template":"template-full.php","meta":{"_acf_changed":false,"inline_featured_image":false,"_monsterinsights_skip_tracking":false,"_monsterinsights_sitenote_active":false,"_monsterinsights_sitenote_note":"","_monsterinsights_sitenote_category":0,"footnotes":""},"class_list":["post-1922","page","type-page","status-publish","hentry"],"acf":[],"_links":{"self":[{"href":"https:\/\/rolfingcanada.org\/fr\/wp-json\/wp\/v2\/pages\/1922","targetHints":{"allow":["GET"]}}],"collection":[{"href":"https:\/\/rolfingcanada.org\/fr\/wp-json\/wp\/v2\/pages"}],"about":[{"href":"https:\/\/rolfingcanada.org\/fr\/wp-json\/wp\/v2\/types\/page"}],"author":[{"embeddable":true,"href":"https:\/\/rolfingcanada.org\/fr\/wp-json\/wp\/v2\/users\/72"}],"replies":[{"embeddable":true,"href":"https:\/\/rolfingcanada.org\/fr\/wp-json\/wp\/v2\/comments?post=1922"}],"version-history":[{"count":33,"href":"https:\/\/rolfingcanada.org\/fr\/wp-json\/wp\/v2\/pages\/1922\/revisions"}],"predecessor-version":[{"id":4138,"href":"https:\/\/rolfingcanada.org\/fr\/wp-json\/wp\/v2\/pages\/1922\/revisions\/4138"}],"wp:attachment":[{"href":"https:\/\/rolfingcanada.org\/fr\/wp-json\/wp\/v2\/media?parent=1922"}],"curies":[{"name":"wp","href":"https:\/\/api.w.org\/{rel}","templated":true}]}}