{"id":1151,"date":"2017-07-04T10:04:25","date_gmt":"2017-07-04T14:04:25","guid":{"rendered":"https:\/\/rolfingcanada.org\/?page_id=1151\/"},"modified":"2019-10-01T13:11:10","modified_gmt":"2019-10-01T17:11:10","slug":"la-profession-d-integration-structurelle","status":"publish","type":"page","link":"https:\/\/rolfingcanada.org\/fr\/la-profession-d-integration-structurelle\/","title":{"rendered":"L\u2019int\u00e9gration structurelle comme profession"},"content":{"rendered":"<p><img loading=\"lazy\" decoding=\"async\" class=\"size-medium wp-image-1295 alignright\" src=\"https:\/\/rolfingcanada.org\/wp-content\/uploads\/2017\/07\/rolfer_client9_lg-300x300.jpg\" sizes=\"auto, (max-width: 300px) 100vw, 300px\" srcset=\"https:\/\/rolfingcanada.org\/wp-content\/uploads\/2017\/07\/rolfer_client9_lg-300x300.jpg 300w, https:\/\/rolfingcanada.org\/wp-content\/uploads\/2017\/07\/rolfer_client9_lg-150x150.jpg 150w, https:\/\/rolfingcanada.org\/wp-content\/uploads\/2017\/07\/rolfer_client9_lg-1024x1024.jpg 1024w\" alt=\"\" width=\"300\" height=\"300\" \/><\/p>\n<p>L\u2019int\u00e9gration structurelle\u00a0par le Rolfing<sup>\u00ae<\/sup> est une th\u00e9rapie qui vise \u00e0 aligner le corps dans l\u2019axe gravitationnel. En travaillant avec le toucher sur le syst\u00e8me des fascias, et en invitant leurs clients \u00e0 devenir plus conscients de leurs patrons corporels, les <em>Rolfers\u2122<\/em>\u00a0op\u00e8rent des changements structurels profonds qui lib\u00e8rent le corps de ses tensions et en am\u00e9liorent l&rsquo;organisation posturale. Le Rolfing s&rsquo;adresse aux personnes souffrant de probl\u00e8mes dus \u00e0 une\u00a0mauvaise posture ou aux\u00a0s\u00e9quelles de blessures; \u00e0 celles qui ont des douleurs chroniques, qui sentent leur corps stress\u00e9, qui pratiquent une discipline physique (sport, danse, yoga, etc.) et souhaitent\u00a0am\u00e9liorer leur performance, enfin \u00e0 celles qui sont impliqu\u00e9es dans une d\u00e9marche de\u00a0croissance personnelle\u00a0et ont envie d&rsquo;actualiser leur \u00e9volution sur le plan corporel.<\/p>\n<p>Au milieu des ann\u00e9es 1920, la docteure Ida P. Rolf cr\u00e9ait un nouveau mode de toucher th\u00e9rapeutique\u00a0: l\u2019int\u00e9gration structurelle. S\u2019int\u00e9ressant particuli\u00e8rement \u00e0 l\u2019organisation du corps humain dans le champ gravitationnel, elle a d\u00e9velopp\u00e9 une approche permettant de l\u2019am\u00e9liorer en travaillant sur les fascias au moyen d\u2019un toucher sp\u00e9cialis\u00e9 et comp\u00e9tent, selon une approche holistique lui permettant d\u2019\u00e9quilibrer le corps de fa\u00e7on optimale. Voil\u00e0 la contribution unique de Ida P. Rolf \u00e0 la th\u00e9rapie manuelle.<\/p>\n<p>L\u2019int\u00e9gration structurelle par le Rolfing<sup>\u00ae<\/sup>\u00a0est la marque de commerce de la th\u00e9rapie manuelle qu\u2019enseigne l&rsquo;<i>Institut Dr. Ida Rolf<\/i>\u00a0(DIRI). Tous les <em>Rolfers\u2122<\/em>\u00a0agr\u00e9\u00e9s canadiens qui pratiquent l\u2019int\u00e9gration structurelle par le Rolfing sont dipl\u00f4m\u00e9s du DIRI.<\/p>\n<p><img loading=\"lazy\" decoding=\"async\" class=\" wp-image-1432 aligncenter\" src=\"https:\/\/rolfingcanada.org\/wp-content\/uploads\/2017\/07\/littleboy4-300x300.jpg\" sizes=\"auto, (max-width: 119px) 100vw, 119px\" srcset=\"https:\/\/rolfingcanada.org\/wp-content\/uploads\/2017\/07\/littleboy4-300x300.jpg 300w, https:\/\/rolfingcanada.org\/wp-content\/uploads\/2017\/07\/littleboy4-150x150.jpg 150w, https:\/\/rolfingcanada.org\/wp-content\/uploads\/2017\/07\/littleboy4-1024x1024.jpg 1024w\" alt=\"\" width=\"119\" height=\"119\" \/><\/p>\n","protected":false},"excerpt":{"rendered":"<p>L\u2019int\u00e9gration structurelle\u00a0par le Rolfing\u00ae est une th\u00e9rapie qui vise \u00e0 aligner le corps dans l\u2019axe gravitationnel. En travaillant avec le toucher sur le syst\u00e8me des fascias, et en invitant leurs clients \u00e0 devenir plus conscients de leurs patrons corporels, les Rolfers\u2122\u00a0op\u00e8rent des changements structurels profonds qui lib\u00e8rent le corps de ses tensions et en am\u00e9liorent l&rsquo;organisation posturale. Le Rolfing s&rsquo;adresse aux personnes souffrant de probl\u00e8mes dus \u00e0 une\u00a0mauvaise posture ou aux\u00a0s\u00e9quelles de blessures; \u00e0 celles qui ont des douleurs chroniques, &#038;hellip <i><a class=\"read-more\" href=\"https:\/\/rolfingcanada.org\/fr\/la-profession-d-integration-structurelle\/\">read more<\/a><\/i><\/p>\n","protected":false},"author":1,"featured_media":0,"parent":0,"menu_order":0,"comment_status":"closed","ping_status":"closed","template":"template-full.php","meta":{"_acf_changed":false,"inline_featured_image":false,"_monsterinsights_skip_tracking":false,"_monsterinsights_sitenote_active":false,"_monsterinsights_sitenote_note":"","_monsterinsights_sitenote_category":0,"footnotes":""},"class_list":["post-1151","page","type-page","status-publish","hentry"],"acf":[],"_links":{"self":[{"href":"https:\/\/rolfingcanada.org\/fr\/wp-json\/wp\/v2\/pages\/1151","targetHints":{"allow":["GET"]}}],"collection":[{"href":"https:\/\/rolfingcanada.org\/fr\/wp-json\/wp\/v2\/pages"}],"about":[{"href":"https:\/\/rolfingcanada.org\/fr\/wp-json\/wp\/v2\/types\/page"}],"author":[{"embeddable":true,"href":"https:\/\/rolfingcanada.org\/fr\/wp-json\/wp\/v2\/users\/1"}],"replies":[{"embeddable":true,"href":"https:\/\/rolfingcanada.org\/fr\/wp-json\/wp\/v2\/comments?post=1151"}],"version-history":[{"count":14,"href":"https:\/\/rolfingcanada.org\/fr\/wp-json\/wp\/v2\/pages\/1151\/revisions"}],"predecessor-version":[{"id":4137,"href":"https:\/\/rolfingcanada.org\/fr\/wp-json\/wp\/v2\/pages\/1151\/revisions\/4137"}],"wp:attachment":[{"href":"https:\/\/rolfingcanada.org\/fr\/wp-json\/wp\/v2\/media?parent=1151"}],"curies":[{"name":"wp","href":"https:\/\/api.w.org\/{rel}","templated":true}]}}