{"id":1143,"date":"2017-07-04T08:16:20","date_gmt":"2017-07-04T12:16:20","guid":{"rendered":"https:\/\/rolfingcanada.org\/?page_id=1143\/"},"modified":"2019-10-01T11:20:50","modified_gmt":"2019-10-01T15:20:50","slug":"fascia-in-gravity","status":"publish","type":"page","link":"https:\/\/rolfingcanada.org\/fr\/fascia-in-gravity\/","title":{"rendered":"Les fascias dans l\u2019axe gravitationnel"},"content":{"rendered":"<h3 style=\"text-align: center;\"><strong><img loading=\"lazy\" decoding=\"async\" class=\" wp-image-2316 alignleft\" src=\"https:\/\/rolfingcanada.org\/wp-content\/uploads\/2017\/07\/meat1-1-300x300.jpg\" alt=\"\" width=\"219\" height=\"219\" srcset=\"https:\/\/rolfingcanada.org\/wp-content\/uploads\/2017\/07\/meat1-1-300x300.jpg 300w, https:\/\/rolfingcanada.org\/wp-content\/uploads\/2017\/07\/meat1-1-150x150.jpg 150w, https:\/\/rolfingcanada.org\/wp-content\/uploads\/2017\/07\/meat1-1-1024x1024.jpg 1024w\" sizes=\"auto, (max-width: 219px) 100vw, 219px\" \/>Le fascia\u00a0: une structure omnipr\u00e9sente et bien vivante dans notre corps<\/strong><\/h3>\n<p>Parce qu\u2019il gaine chaque muscle et s\u2019y niche, parce qu\u2019il entoure tous les organes et parce qu\u2019il enveloppe les vaisseaux sanguins et les fibres nerveuses, le fascia est l\u2019organe qui donne forme \u00e0 notre corps. Le fascia est un r\u00e9seau continu de fibres de collag\u00e8ne et d\u2019\u00e9lastine. Th\u00e9\u00e2tre d\u2019une activit\u00e9 cellulaire\u00a0\u2013 les fibroblastes synth\u00e9tisent ces fibres et les fibroclastes les d\u00e9gradent\u00a0\u2013, le fascia est un tissu conjonctif bien vivant. Il est \u00e9galement innerv\u00e9 et dens\u00e9ment peupl\u00e9 de m\u00e9canor\u00e9cepteurs\u00a0(<a href=\"http:\/\/www.sciencedirect.com\/science\/article\/pii\/S1360859202000670\" target=\"_blank\" rel=\"noopener noreferrer\">Schleip, 2003<\/a>). La stimulation manuelle de ces r\u00e9cepteurs assouplit les muscles de la r\u00e9gion touch\u00e9e, stimule la proprioception pour le contr\u00f4le des mouvements, influence le syst\u00e8me nerveux autonome et agit sur la vasodilatation locale. Le fascia est aussi constitu\u00e9 de cellules musculaires lisses (<a href=\"http:\/\/www.sciencedirect.com\/science\/article\/pii\/S1360859202000761\" target=\"_blank\" rel=\"noopener noreferrer\">Schleip, 2003<\/a>). C\u2019est dire que le fascia est un tissu fibreux r\u00e9sistant qui agit telle une enveloppe pour tous les tissus du corps humain. Comme il est riche en r\u00e9cepteurs neuronaux, le fascia peut se contracter et r\u00e9agir \u00e0 la pression et au stress que vit une personne.<\/p>\n<h3 style=\"text-align: center;\"><strong>Le fascia r\u00e9pond aux forces de la gravit\u00e9<\/strong><\/h3>\n<p><img loading=\"lazy\" decoding=\"async\" class=\" wp-image-2317 alignright\" src=\"https:\/\/rolfingcanada.org\/wp-content\/uploads\/2017\/07\/tensegrityarch-1-300x300.jpg\" alt=\"\" width=\"248\" height=\"248\" srcset=\"https:\/\/rolfingcanada.org\/wp-content\/uploads\/2017\/07\/tensegrityarch-1-300x300.jpg 300w, https:\/\/rolfingcanada.org\/wp-content\/uploads\/2017\/07\/tensegrityarch-1-150x150.jpg 150w, https:\/\/rolfingcanada.org\/wp-content\/uploads\/2017\/07\/tensegrityarch-1-1024x1024.jpg 1024w\" sizes=\"auto, (max-width: 248px) 100vw, 248px\" \/>Le fascia a une r\u00e9sistance \u00e0 la traction. Il enveloppe les tissus rigides des os, les tissus denses des muscles et les tissus liquides form\u00e9s par le sang, la lymphe et le liquide interstitiel. La gravit\u00e9 attire l\u2019ossature et l\u2019eau vers le bas, ce qui induit un jeu de forces complexes pour rattacher ses structures solides au sein d\u2019une m\u00e9canique de fluides vivante et dynamique. La tension gravitationnelle dans les fascias organise les formes corporelles. C\u2019est le jeu des forces \u00e0 l\u2019\u0153uvre dans les fascias qui cr\u00e9e la posture du corps humain, en le soulevant telle une structure ayant la facult\u00e9 de tens\u00e9grit\u00e9.<\/p>\n<p style=\"text-align: center;\"><strong>\u00a0<\/strong><\/p>\n<h3 style=\"text-align: center;\"><strong>L\u2019int\u00e9gration structurelle par le Rolfing<sup>\u00ae<\/sup>, un toucher qui favorise<\/strong><\/h3>\n<h3 style=\"text-align: center;\"><strong>l\u2019alignement des fascias dans l\u2019axe gravitationnel<\/strong><\/h3>\n<p><img loading=\"lazy\" decoding=\"async\" class=\" wp-image-2318 alignleft\" src=\"https:\/\/rolfingcanada.org\/wp-content\/uploads\/2017\/07\/massage-2441741__340-1-300x300.jpg\" alt=\"\" width=\"197\" height=\"197\" srcset=\"https:\/\/rolfingcanada.org\/wp-content\/uploads\/2017\/07\/massage-2441741__340-1-300x300.jpg 300w, https:\/\/rolfingcanada.org\/wp-content\/uploads\/2017\/07\/massage-2441741__340-1-150x150.jpg 150w, https:\/\/rolfingcanada.org\/wp-content\/uploads\/2017\/07\/massage-2441741__340-1-1024x1024.jpg 1024w\" sizes=\"auto, (max-width: 197px) 100vw, 197px\" \/>L\u2019int\u00e9gration structurelle\u00a0est le seul toucher th\u00e9rapeutique \u00e0 associer la manipulation des fascias et l\u2019organisation gravitationnelle du corps.\u00a0Comme le confirment <a href=\"https:\/\/rolfingcanada.org\/fr\/la-recherche-sur-le-rolfing\/\">les recherches sur le fascia<\/a>, l\u2019int\u00e9gration structurelle par le Rolfing est un mod\u00e8le complexe et syst\u00e9matique qui invite chaque client \u00e0 vivre une transformation de l\u2019organisation de ses fascias; un processus qui est source de vitalit\u00e9 et de bien-\u00eatre, et duquel le client ressort en se sentant mieux dans son corps.<\/p>\n<p>&nbsp;<\/p>\n<p>Prenez le temps d&rsquo;aller voir cette vid\u00e9o pr\u00e9par\u00e9e par nos pairs rolfeurs europ\u00e9ens, o\u00f9 l\u2019on d\u00e9crit l\u2019int\u00e9gration structurelle et la manipulation des fascias (2011). L&rsquo;originale est en allemand; en voici la version anglaise.<\/p>\n<p><iframe loading=\"lazy\" title=\"Fascia and Structural Integration with Robert Schleip\" width=\"940\" height=\"529\" src=\"https:\/\/www.youtube.com\/embed\/yj9NqWZ-0ik?feature=oembed\" frameborder=\"0\" allow=\"accelerometer; autoplay; encrypted-media; gyroscope; picture-in-picture\" allowfullscreen><\/iframe><\/p>\n<p>&nbsp;<\/p>\n","protected":false},"excerpt":{"rendered":"<p>Le fascia\u00a0: une structure omnipr\u00e9sente et bien vivante dans notre corps Parce qu\u2019il gaine chaque muscle et s\u2019y niche, parce qu\u2019il entoure tous les organes et parce qu\u2019il enveloppe les vaisseaux sanguins et les fibres nerveuses, le fascia est l\u2019organe qui donne forme \u00e0 notre corps. Le fascia est un r\u00e9seau continu de fibres de collag\u00e8ne et d\u2019\u00e9lastine. Th\u00e9\u00e2tre d\u2019une activit\u00e9 cellulaire\u00a0\u2013 les fibroblastes synth\u00e9tisent ces fibres et les fibroclastes les d\u00e9gradent\u00a0\u2013, le fascia est un tissu conjonctif bien vivant. &#038;hellip <i><a class=\"read-more\" href=\"https:\/\/rolfingcanada.org\/fr\/fascia-in-gravity\/\">read more<\/a><\/i><\/p>\n","protected":false},"author":1,"featured_media":0,"parent":0,"menu_order":0,"comment_status":"closed","ping_status":"closed","template":"template-full.php","meta":{"_acf_changed":false,"inline_featured_image":false,"_monsterinsights_skip_tracking":false,"_monsterinsights_sitenote_active":false,"_monsterinsights_sitenote_note":"","_monsterinsights_sitenote_category":0,"footnotes":""},"class_list":["post-1143","page","type-page","status-publish","hentry"],"acf":[],"_links":{"self":[{"href":"https:\/\/rolfingcanada.org\/fr\/wp-json\/wp\/v2\/pages\/1143","targetHints":{"allow":["GET"]}}],"collection":[{"href":"https:\/\/rolfingcanada.org\/fr\/wp-json\/wp\/v2\/pages"}],"about":[{"href":"https:\/\/rolfingcanada.org\/fr\/wp-json\/wp\/v2\/types\/page"}],"author":[{"embeddable":true,"href":"https:\/\/rolfingcanada.org\/fr\/wp-json\/wp\/v2\/users\/1"}],"replies":[{"embeddable":true,"href":"https:\/\/rolfingcanada.org\/fr\/wp-json\/wp\/v2\/comments?post=1143"}],"version-history":[{"count":12,"href":"https:\/\/rolfingcanada.org\/fr\/wp-json\/wp\/v2\/pages\/1143\/revisions"}],"predecessor-version":[{"id":3020,"href":"https:\/\/rolfingcanada.org\/fr\/wp-json\/wp\/v2\/pages\/1143\/revisions\/3020"}],"wp:attachment":[{"href":"https:\/\/rolfingcanada.org\/fr\/wp-json\/wp\/v2\/media?parent=1143"}],"curies":[{"name":"wp","href":"https:\/\/api.w.org\/{rel}","templated":true}]}}