{"id":1137,"date":"2017-07-04T08:11:59","date_gmt":"2017-07-04T12:11:59","guid":{"rendered":"https:\/\/rolfingcanada.org\/?page_id=1137\/"},"modified":"2019-10-01T12:39:50","modified_gmt":"2019-10-01T16:39:50","slug":"pour-les-assureurs","status":"publish","type":"page","link":"https:\/\/rolfingcanada.org\/fr\/pour-les-assureurs\/","title":{"rendered":"Pour les assureurs"},"content":{"rendered":"<h3><strong>Qu\u2019est-ce que l\u2019int\u00e9gration structurelle par le Rolfing<sup>\u00ae<\/sup>?<\/strong><\/h3>\n<p>L\u2019int\u00e9gration structurelle par le Rolfing<sup>\u00ae<\/sup> est un type de th\u00e9rapie manuelle. Ses praticiens sont des sp\u00e9cialistes de l\u2019\u00e9valuation visuelle de mod\u00e8les posturaux sp\u00e9cifiques, de l\u2019anatomie et de la physiologie de ces mod\u00e8les, mais aussi de la relation entre ces patrons posturaux et les sensations de confort ou d\u2019inconfort qu\u2019ils engendrent.\u00a0Les <em>Rolfers\u2122<\/em>\u00a0interviennent par le toucher et par l\u2019\u00e9ducation au mouvement. L\u2019effet de leur travail est d\u2019aligner la personne avec l\u2019axe gravitationnel, afin de la lib\u00e9rer de ses douleurs chroniques.<\/p>\n<p>Actuellement, un client paie entre 100 et 180\u00a0$ la s\u00e9ance pour recevoir la plupart des traitements d\u2019int\u00e9gration structurelle par le Rolfing<sup>\u00ae<\/sup>. Certains r\u00e9gimes d\u2019assurance sant\u00e9 compl\u00e9mentaire couvrent les s\u00e9ances avec un <em>Rolfer<\/em>\u00a0agr\u00e9\u00e9.\u00a0L\u2019int\u00e9gration structurelle par le Rolfing<sup>\u00ae<\/sup>a beaucoup de succ\u00e8s avec les douleurs chroniques li\u00e9es \u00e0 la mauvaise posture, ainsi que les probl\u00e8mes li\u00e9s aux compensations et s\u00e9quelles de blessures, mouvements r\u00e9p\u00e9titifs, etc., contre lesquels les m\u00e9decins offrent peu de recours.\u00a0Le haut niveau de formation des <em>Rolfers<\/em>\u00a0en anatomie et en physiologie les pr\u00e9pare \u00e0 discuter avec les m\u00e9decins pour mieux planifier des strat\u00e9gies de r\u00e9tablissement. Les <em>Rolfers<\/em>\u00a0sont des praticiens reconnus par leurs clients \u00e0 la grandeur du Canada pour le soulagement qu\u2019ils procurent .<\/p>\n<h3><strong><img loading=\"lazy\" decoding=\"async\" class=\"wp-image-1432 alignleft\" src=\"https:\/\/rolfingcanada.org\/wp-content\/uploads\/2017\/07\/littleboy4-300x300.jpg\" alt=\"\" width=\"127\" height=\"127\" srcset=\"https:\/\/rolfingcanada.org\/wp-content\/uploads\/2017\/07\/littleboy4-300x300.jpg 300w, https:\/\/rolfingcanada.org\/wp-content\/uploads\/2017\/07\/littleboy4-150x150.jpg 150w, https:\/\/rolfingcanada.org\/wp-content\/uploads\/2017\/07\/littleboy4-1024x1024.jpg 1024w\" sizes=\"auto, (max-width: 127px) 100vw, 127px\" \/>Quelle est l\u2019origine de l\u2019int\u00e9gration structurelle par le Rolfing<sup>\u00ae<\/sup>?<\/strong><\/h3>\n<p>L\u2019int\u00e9gration structurelle par le Rolfing<sup>\u00ae<\/sup> est une th\u00e9rapie manuelle que la docteure Ida\u00a0P.\u00a0Rolf a d\u00e9velopp\u00e9e et enseign\u00e9e au <em>Rolf Institute of Structural Integration<\/em> (RISI) [www.rolf.org], l\u2019\u00e9tablissement qu\u2019elle a fond\u00e9 en 1971 \u00e0 Boulder, au Colorado. Cette \u00e9cole se nomme maintenant le <em>Dr Ida Rolf Institute<\/em> (DIRI). \u00c0 l\u2019origine, Ida P. Rolf avait exp\u00e9riment\u00e9 cette th\u00e9rapie manuelle de manipulation des tissus corporels pour soulager les gens de leurs douleurs chroniques.\u00a0Au fil du temps, l\u2019int\u00e9gration structurelle est devenue une cat\u00e9gorie professionnelle de th\u00e9rapie manuelle \u00e0 part enti\u00e8re,\u00a0qui est\u00a0<a href=\"https:\/\/rolfingcanada.org\/fr\/la-recherche-sur-le-rolfing\/\">valid\u00e9e par la recherche.<\/a><\/p>\n<h3><strong>Quelle est la dur\u00e9e de la formation pour devenir un rolfer agr\u00e9\u00e9?<\/strong><\/h3>\n<p><img loading=\"lazy\" decoding=\"async\" class=\"size-medium wp-image-1496 alignright\" src=\"https:\/\/rolfingcanada.org\/wp-content\/uploads\/2017\/07\/rolfer_client2_lg-2-300x300.jpg\" alt=\"\" width=\"300\" height=\"300\" srcset=\"https:\/\/rolfingcanada.org\/wp-content\/uploads\/2017\/07\/rolfer_client2_lg-2-300x300.jpg 300w, https:\/\/rolfingcanada.org\/wp-content\/uploads\/2017\/07\/rolfer_client2_lg-2-150x150.jpg 150w, https:\/\/rolfingcanada.org\/wp-content\/uploads\/2017\/07\/rolfer_client2_lg-2-1024x1024.jpg 1024w\" sizes=\"auto, (max-width: 300px) 100vw, 300px\" \/>La formation de base accr\u00e9dit\u00e9e du DIRI est de 731 heures; il s\u2019agit d\u2019un cheminement en trois phases comprenant un volet d\u2019autoformation et n\u00e9cessitant entre 12 et 18\u00a0mois d\u2019\u00e9tude. L\u2019\u00e9tudiant qui r\u00e9ussit la formation devient alors <em>Rolfer\u2122<\/em>\u00a0agr\u00e9\u00e9. Tous les praticiens\u00a0doivent en outre suivre une formation continue en int\u00e9gration structurelle.<\/p>\n<p>Certains <em>Rolfers\u2122<\/em>\u00a0sont aussi agr\u00e9\u00e9s en Mouvement rolf (Rolf Movement\u2122), une formation de 30\u00a0heures suppl\u00e9mentaires qui enrichit la perspective du praticien d\u2019une th\u00e9orie unifi\u00e9e du mouvement.<\/p>\n<p>Apr\u00e8s sept ans de pratique professionnelle, les <em>Rolfers<\/em>\u00a0agr\u00e9\u00e9s doivent suivre une formation technique avanc\u00e9e de 168 heures additionnelles. Le perfectionnement est partie int\u00e9grante de leur pratique professionnelle.<\/p>\n<p>Tous les <em>Rolfers\u2122<\/em>\u00a0agr\u00e9\u00e9s canadiens et les praticiens du Mouvement Rolf sont des dipl\u00f4m\u00e9s des programmes du DIRI, en plus d&rsquo;\u00eatre membres de l\u2019Association canadienne de Rolfing<sup>\u00ae\u00a0<\/sup>(ACR). Ils sont li\u00e9s par un code d\u2019\u00e9thique et des normes de pratique reconnus par tous les th\u00e9rapeutes manuels respect\u00e9s.\u00a0Seuls les dipl\u00f4m\u00e9s du RISI peuvent utiliser la marque de l\u2019int\u00e9gration structurelle par le Rolfing<sup>\u00ae<\/sup>.<\/p>\n<p>Prenez la peine d&rsquo;aller voir les profils des <em>Rolfers\u2122<\/em>\u00a0agr\u00e9\u00e9s.\u00a0Ces praticiens forment un groupe de professionnels \u00e9duqu\u00e9s et talentueux qui apportent une riche exp\u00e9rience dans leurs salles de traitement.<\/p>\n<p><img loading=\"lazy\" decoding=\"async\" class=\" wp-image-1432 aligncenter\" src=\"https:\/\/rolfingcanada.org\/wp-content\/uploads\/2017\/07\/littleboy4-300x300.jpg\" alt=\"\" width=\"127\" height=\"127\" srcset=\"https:\/\/rolfingcanada.org\/wp-content\/uploads\/2017\/07\/littleboy4-300x300.jpg 300w, https:\/\/rolfingcanada.org\/wp-content\/uploads\/2017\/07\/littleboy4-150x150.jpg 150w, https:\/\/rolfingcanada.org\/wp-content\/uploads\/2017\/07\/littleboy4-1024x1024.jpg 1024w\" sizes=\"auto, (max-width: 127px) 100vw, 127px\" \/><\/p>\n","protected":false},"excerpt":{"rendered":"<p>Qu\u2019est-ce que l\u2019int\u00e9gration structurelle par le Rolfing\u00ae? L\u2019int\u00e9gration structurelle par le Rolfing\u00ae est un type de th\u00e9rapie manuelle. Ses praticiens sont des sp\u00e9cialistes de l\u2019\u00e9valuation visuelle de mod\u00e8les posturaux sp\u00e9cifiques, de l\u2019anatomie et de la physiologie de ces mod\u00e8les, mais aussi de la relation entre ces patrons posturaux et les sensations de confort ou d\u2019inconfort qu\u2019ils engendrent.\u00a0Les Rolfers\u2122\u00a0interviennent par le toucher et par l\u2019\u00e9ducation au mouvement. L\u2019effet de leur travail est d\u2019aligner la personne avec l\u2019axe gravitationnel, afin de la &#038;hellip <i><a class=\"read-more\" href=\"https:\/\/rolfingcanada.org\/fr\/pour-les-assureurs\/\">read more<\/a><\/i><\/p>\n","protected":false},"author":1,"featured_media":0,"parent":0,"menu_order":0,"comment_status":"closed","ping_status":"closed","template":"template-full.php","meta":{"_acf_changed":false,"inline_featured_image":false,"_monsterinsights_skip_tracking":false,"_monsterinsights_sitenote_active":false,"_monsterinsights_sitenote_note":"","_monsterinsights_sitenote_category":0,"footnotes":""},"class_list":["post-1137","page","type-page","status-publish","hentry"],"acf":[],"_links":{"self":[{"href":"https:\/\/rolfingcanada.org\/fr\/wp-json\/wp\/v2\/pages\/1137","targetHints":{"allow":["GET"]}}],"collection":[{"href":"https:\/\/rolfingcanada.org\/fr\/wp-json\/wp\/v2\/pages"}],"about":[{"href":"https:\/\/rolfingcanada.org\/fr\/wp-json\/wp\/v2\/types\/page"}],"author":[{"embeddable":true,"href":"https:\/\/rolfingcanada.org\/fr\/wp-json\/wp\/v2\/users\/1"}],"replies":[{"embeddable":true,"href":"https:\/\/rolfingcanada.org\/fr\/wp-json\/wp\/v2\/comments?post=1137"}],"version-history":[{"count":6,"href":"https:\/\/rolfingcanada.org\/fr\/wp-json\/wp\/v2\/pages\/1137\/revisions"}],"predecessor-version":[{"id":4019,"href":"https:\/\/rolfingcanada.org\/fr\/wp-json\/wp\/v2\/pages\/1137\/revisions\/4019"}],"wp:attachment":[{"href":"https:\/\/rolfingcanada.org\/fr\/wp-json\/wp\/v2\/media?parent=1137"}],"curies":[{"name":"wp","href":"https:\/\/api.w.org\/{rel}","templated":true}]}}