{"id":1131,"date":"2017-07-04T08:06:00","date_gmt":"2017-07-04T12:06:00","guid":{"rendered":"https:\/\/rolfingcanada.org\/?page_id=1131\/"},"modified":"2019-10-01T13:57:20","modified_gmt":"2019-10-01T17:57:20","slug":"pour-les-rolfeurs-canadiens","status":"publish","type":"page","link":"https:\/\/rolfingcanada.org\/fr\/pour-les-rolfeurs-canadiens\/","title":{"rendered":"Pour les Rolfers\u2122 canadiens"},"content":{"rendered":"<div aria-live=\"polite\" id=\"soliloquy-container-1093_1\" class=\"soliloquy-container soliloquy-transition-fade  soliloquy-theme-classic\" style=\"max-width:1920px;max-height:630px;\"><ul id=\"soliloquy-1093_1\" class=\"soliloquy-slider soliloquy-slides soliloquy-wrap soliloquy-clear\"><li aria-hidden=\"true\" class=\"soliloquy-item soliloquy-item-1 soliloquy-image-slide\" draggable=\"false\" style=\"list-style:none\"><img decoding=\"async\" id=\"soliloquy-image-1319\" class=\"soliloquy-image soliloquy-image-1\" src=\"https:\/\/rolfingcanada.org\/wp-content\/uploads\/2017\/07\/ball-1786430__340-1920x630_c.jpg\" alt=\"ball-1786430__340\" \/><\/li><li aria-hidden=\"true\" class=\"soliloquy-item soliloquy-item-2 soliloquy-image-slide\" draggable=\"false\" style=\"list-style:none\"><img decoding=\"async\" id=\"soliloquy-image-1320\" class=\"soliloquy-image soliloquy-image-2\" src=\"https:\/\/rolfingcanada.org\/wp-content\/uploads\/2017\/07\/birthday-1114056__340-1920x630_c.jpg\" alt=\"birthday-1114056__340\" \/><\/li><li aria-hidden=\"true\" class=\"soliloquy-item soliloquy-item-3 soliloquy-image-slide\" draggable=\"false\" style=\"list-style:none\"><img decoding=\"async\" id=\"soliloquy-image-1321\" class=\"soliloquy-image soliloquy-image-3\" src=\"https:\/\/rolfingcanada.org\/wp-content\/uploads\/2017\/07\/fireworks-1759__340-1920x630_c.jpg\" alt=\"fireworks-1759__340\" \/><\/li><\/ul><\/div><noscript><style type=\"text\/css\">#soliloquy-container-1093_1{opacity:1}<\/style><\/noscript>\n<p>&nbsp;<\/p>\n<p><strong>Nous d\u00e9dions ce site Web aux ann\u00e9es de travail qu\u2019il nous a fallu pour faire de l\u2019Association canadienne de Rolfing<sup>\u00ae<\/sup> (ACR) ce qu\u2019elle est aujourd\u2019hui.\u00a0Ce site est le fruit de l\u2019action b\u00e9n\u00e9vole de diff\u00e9rents membres des conseils d\u2019administration au fil des ans. Il a \u00e9t\u00e9 con\u00e7u par des <em>Rolfers<\/em> canadiens, pour les <em>Rolfers<\/em> canadiens. <\/strong><\/p>\n<h3><strong>Orientation dans le site :<\/strong><\/h3>\n<ul>\n<li><strong>Trouver un <em>Rolfer\u2122<\/em> canadien<\/strong><\/li>\n<\/ul>\n<p>Dans le site, vous disposez d\u2019un outil de profil qu\u2019il vous incombe de tenir \u00e0 jour. Il suffit d\u2019ouvrir une session pour actualiser votre photo de profil public, l\u2019adresse de votre lieu d\u2019affaires et vos coordonn\u00e9es professionnelles. La fonction de recherche de la section \u00ab\u00a0Trouver un \u00a0\u00bb recherchera parmi ces donn\u00e9es.<\/p>\n<p><strong><img loading=\"lazy\" decoding=\"async\" class=\" wp-image-1415 alignright\" src=\"https:\/\/rolfingcanada.org\/wp-content\/uploads\/2017\/07\/pexels-photo-207896-2-300x300.jpeg\" alt=\"\" width=\"140\" height=\"140\" srcset=\"https:\/\/rolfingcanada.org\/wp-content\/uploads\/2017\/07\/pexels-photo-207896-2-300x300.jpeg 300w, https:\/\/rolfingcanada.org\/wp-content\/uploads\/2017\/07\/pexels-photo-207896-2-150x150.jpeg 150w, https:\/\/rolfingcanada.org\/wp-content\/uploads\/2017\/07\/pexels-photo-207896-2-1024x1024.jpeg 1024w\" sizes=\"auto, (max-width: 140px) 100vw, 140px\" \/><\/strong>Vous verrez qu\u2019il y a \u00e9galement une zone o\u00f9 saisir vos coordonn\u00e9es personnelles. Cette information n\u2019est pas visible pour le public; elle est r\u00e9serv\u00e9e \u00e0 l\u2019usage de l\u2019Association canadienne de Rolfing. Nous vous demandons de la garder \u00e0 jour afin de pouvoir vous joindre au besoin.<\/p>\n<p>Pour le moment, l\u2019outil de recherche \u00ab\u00a0Trouver un-e praticien-ne \u00bb ne peut rep\u00e9rer qu\u2019une seule adresse; ainsi, pour ceux et celles qui pratiquent \u00e0 deux endroits, veuillez indiquer votre adresse d\u2019affaires principale dans votre profil. Dans la section \u00ab\u00a0Description\u00a0\u00bb, vous pourrez facilement indiquer votre deuxi\u00e8me adresse au public.<\/p>\n<p>Nous\u00a0vous donnerons \u00e9ventuellement acc\u00e8s \u00e0 des formulaires importants, \u00e0 mesure que la section r\u00e9serv\u00e9e aux membres se d\u00e9veloppera.<\/p>\n<ul>\n<li><strong>Renseigner sur le Rolfing<sup>\u00ae<\/sup> au Canada<\/strong><\/li>\n<\/ul>\n<p>L\u2019int\u00e9gration structurelle par le Rolfing<sup>\u00ae <\/sup>est une profession encore m\u00e9connue de la plupart des Canadiens. Il importe ainsi que ce site Web explique le travail qu\u2019effectuent les dipl\u00f4m\u00e9s du Rolf Institute of Structural Integration (RISI) aupr\u00e8s de diff\u00e9rentes client\u00e8les :<\/p>\n<p><strong><img loading=\"lazy\" decoding=\"async\" class=\"wp-image-1283 alignleft\" src=\"https:\/\/rolfingcanada.org\/wp-content\/uploads\/2017\/07\/IPR_Working-300x300.jpg\" alt=\"\" width=\"211\" height=\"211\" srcset=\"https:\/\/rolfingcanada.org\/wp-content\/uploads\/2017\/07\/IPR_Working-300x300.jpg 300w, https:\/\/rolfingcanada.org\/wp-content\/uploads\/2017\/07\/IPR_Working-150x150.jpg 150w, https:\/\/rolfingcanada.org\/wp-content\/uploads\/2017\/07\/IPR_Working-1024x1024.jpg 1024w\" sizes=\"auto, (max-width: 211px) 100vw, 211px\" \/><\/strong><\/p>\n<ol>\n<li><strong>Pour les membres<\/strong><\/li>\n<\/ol>\n<p>Outre votre profil professionnel public, le site Web comporte un blogue actif et informatif sur les r\u00e9unions, la formation continue et les \u00e9v\u00e9nements publics \u00e0 venir. Si vous tenez un \u00e9v\u00e9nement pour faire conna\u00eetre le Rolfing<sup>\u00ae<\/sup> dans votre r\u00e9gion, faites-le-nous savoir et nous l\u2019annoncerons dans le blogue.<\/p>\n<p>&nbsp;<\/p>\n<ol start=\"2\">\n<li><strong>Pour le public<\/strong><\/li>\n<\/ol>\n<p>Ce site web informe le public sur la docteure Ida P. Rolf, sa contribution unique \u00e0 la th\u00e9rapie manuelle et sur notre champ de pratique \u00e0 l\u2019heure actuelle.<\/p>\n<p>Le lecteur pourra en outre se renseigner sur la recherche fond\u00e9e sur des preuves et les mod\u00e8les d\u2019\u00e9tude d\u00e9velopp\u00e9s dans la foul\u00e9e du travail d\u2019Ida P. Rolf et enseign\u00e9s au <em>Dr Ida Rolf Institute <\/em>(DIRI).<\/p>\n<ol start=\"3\">\n<li><strong>Pour les assureurs<\/strong><\/li>\n<\/ol>\n<p>Ce site Web informe les assureurs sur les services de mieux-\u00eatre que nous offrons.<\/p>\n<ol start=\"4\">\n<li><strong><img loading=\"lazy\" decoding=\"async\" class=\"wp-image-1342 alignright\" src=\"https:\/\/rolfingcanada.org\/wp-content\/uploads\/2017\/07\/pexels-photo-103889-300x300.jpeg\" alt=\"\" width=\"125\" height=\"125\" srcset=\"https:\/\/rolfingcanada.org\/wp-content\/uploads\/2017\/07\/pexels-photo-103889-300x300.jpeg 300w, https:\/\/rolfingcanada.org\/wp-content\/uploads\/2017\/07\/pexels-photo-103889-150x150.jpeg 150w, https:\/\/rolfingcanada.org\/wp-content\/uploads\/2017\/07\/pexels-photo-103889-1024x1024.jpeg 1024w\" sizes=\"auto, (max-width: 125px) 100vw, 125px\" \/>Pour les m\u00e9dias<\/strong><\/li>\n<\/ol>\n<p>Il comporte aussi une section\u00a0invitant les journalistes et professionnels des m\u00e9dias \u00e0 prendre contact avec l\u2019Association canadienne de Rolfing pour que nous puissions r\u00e9pondre directement \u00e0 leurs questions.<\/p>\n<ol start=\"5\">\n<li><strong>Pour les futurs \u00e9tudiants<\/strong><\/li>\n<\/ol>\n<p>Les initiatives de l&rsquo;ARC visent \u00e0 d\u00e9velopper la profession du Rolfing\u00ae au Canada en augmentant le nombre de\u00a0<em>Rolfers\u2122\u00a0<\/em>agr\u00e9\u00e9s qui y pratiquent. Ce site Web se veut donc \u00eatre un v\u00e9ritable phare pour les personnes int\u00e9ress\u00e9es \u00e0 joindre l\u2019Association canadienne de Rolfing\u00ae.<\/p>\n<p>&nbsp;<\/p>\n<p><strong>C\u2019est une p\u00e9riode exaltante pour les\u00a0<em>Rolfers\u2122\u00a0<\/em>au Canada! Gr\u00e2ce \u00e0 la recherche, aux multiples colloques internationaux, aux progr\u00e8s des technologies de l\u2019information et au dynamisme de leur association,les rolfers canadiens sont mieux inform\u00e9s et plus connect\u00e9s que jamais. Joignez-vous \u00e0 nous lors de nos assembl\u00e9es g\u00e9n\u00e9rales, impliquez-vous dans nos projets sp\u00e9ciaux, et assistez \u00e0 nos formations canadiennes. Ce sera un plaisir d\u2019avoir de vos nouvelles!<\/strong><\/p>\n<p><strong>Cordialement,<\/strong><\/p>\n<p><strong>Le conseil d\u2019administration de l\u2019Association canadienne de Rolfing<\/strong><\/p>\n<p><img loading=\"lazy\" decoding=\"async\" class=\" wp-image-1432 aligncenter\" src=\"https:\/\/rolfingcanada.org\/wp-content\/uploads\/2017\/07\/littleboy4-300x300.jpg\" alt=\"\" width=\"148\" height=\"148\" srcset=\"https:\/\/rolfingcanada.org\/wp-content\/uploads\/2017\/07\/littleboy4-300x300.jpg 300w, https:\/\/rolfingcanada.org\/wp-content\/uploads\/2017\/07\/littleboy4-150x150.jpg 150w, https:\/\/rolfingcanada.org\/wp-content\/uploads\/2017\/07\/littleboy4-1024x1024.jpg 1024w\" sizes=\"auto, (max-width: 148px) 100vw, 148px\" \/><\/p>\n","protected":false},"excerpt":{"rendered":"<p>&nbsp; Nous d\u00e9dions ce site Web aux ann\u00e9es de travail qu\u2019il nous a fallu pour faire de l\u2019Association canadienne de Rolfing\u00ae (ACR) ce qu\u2019elle est aujourd\u2019hui.\u00a0Ce site est le fruit de l\u2019action b\u00e9n\u00e9vole de diff\u00e9rents membres des conseils d\u2019administration au fil des ans. Il a \u00e9t\u00e9 con\u00e7u par des Rolfers canadiens, pour les Rolfers canadiens. Orientation dans le site : Trouver un Rolfer\u2122 canadien Dans le site, vous disposez d\u2019un outil de profil qu\u2019il vous incombe de tenir \u00e0 jour. &#038;hellip <i><a class=\"read-more\" href=\"https:\/\/rolfingcanada.org\/fr\/pour-les-rolfeurs-canadiens\/\">read more<\/a><\/i><\/p>\n","protected":false},"author":1,"featured_media":0,"parent":0,"menu_order":0,"comment_status":"closed","ping_status":"closed","template":"template-full.php","meta":{"_acf_changed":false,"inline_featured_image":false,"_monsterinsights_skip_tracking":false,"_monsterinsights_sitenote_active":false,"_monsterinsights_sitenote_note":"","_monsterinsights_sitenote_category":0,"footnotes":""},"class_list":["post-1131","page","type-page","status-publish","hentry"],"acf":[],"_links":{"self":[{"href":"https:\/\/rolfingcanada.org\/fr\/wp-json\/wp\/v2\/pages\/1131","targetHints":{"allow":["GET"]}}],"collection":[{"href":"https:\/\/rolfingcanada.org\/fr\/wp-json\/wp\/v2\/pages"}],"about":[{"href":"https:\/\/rolfingcanada.org\/fr\/wp-json\/wp\/v2\/types\/page"}],"author":[{"embeddable":true,"href":"https:\/\/rolfingcanada.org\/fr\/wp-json\/wp\/v2\/users\/1"}],"replies":[{"embeddable":true,"href":"https:\/\/rolfingcanada.org\/fr\/wp-json\/wp\/v2\/comments?post=1131"}],"version-history":[{"count":8,"href":"https:\/\/rolfingcanada.org\/fr\/wp-json\/wp\/v2\/pages\/1131\/revisions"}],"predecessor-version":[{"id":4020,"href":"https:\/\/rolfingcanada.org\/fr\/wp-json\/wp\/v2\/pages\/1131\/revisions\/4020"}],"wp:attachment":[{"href":"https:\/\/rolfingcanada.org\/fr\/wp-json\/wp\/v2\/media?parent=1131"}],"curies":[{"name":"wp","href":"https:\/\/api.w.org\/{rel}","templated":true}]}}