{"id":1124,"date":"2017-07-04T08:00:27","date_gmt":"2017-07-04T12:00:27","guid":{"rendered":"https:\/\/rolfingcanada.org\/?page_id=1124\/"},"modified":"2019-10-01T12:46:35","modified_gmt":"2019-10-01T16:46:35","slug":"devenir-rolfeur","status":"publish","type":"page","link":"https:\/\/rolfingcanada.org\/fr\/devenir-rolfeur\/","title":{"rendered":"Devenir praticien-ne"},"content":{"rendered":"<h3><strong>Il faut plus de <em>Rolfers<\/em><\/strong><em>\u2122\u00a0<\/em><strong>agr\u00e9\u00e9s au Canada<\/strong><\/h3>\n<p><img loading=\"lazy\" decoding=\"async\" class=\"size-medium wp-image-1688 alignright\" src=\"https:\/\/rolfingcanada.org\/wp-content\/uploads\/2017\/07\/rolfer_client6_lg-300x300.jpg\" alt=\"\" width=\"300\" height=\"300\" srcset=\"https:\/\/rolfingcanada.org\/wp-content\/uploads\/2017\/07\/rolfer_client6_lg-300x300.jpg 300w, https:\/\/rolfingcanada.org\/wp-content\/uploads\/2017\/07\/rolfer_client6_lg-150x150.jpg 150w, https:\/\/rolfingcanada.org\/wp-content\/uploads\/2017\/07\/rolfer_client6_lg-1024x1024.jpg 1024w\" sizes=\"auto, (max-width: 300px) 100vw, 300px\" \/>Tous les praticiens de l\u2019Int\u00e9gration structurelle par le Rolfing<sup>\u00ae<\/sup>\u00a0poss\u00e8dent des comp\u00e9tences de pointe d\u00e8s leur certification de base. De plus, ils s\u2019engagent \u00e0 poursuivre leur d\u00e9veloppement professionnel au moyen des formations continues et avanc\u00e9e.<\/p>\n<p>Il y a beaucoup de place sur le march\u00e9 canadien pour les <em>Rolfers\u2122\u00a0<\/em>agr\u00e9\u00e9s, autant dans les grandes villes que dans nos r\u00e9gions rurales. La formation en Rolfing outille ses praticiens pour qu\u2019ils r\u00e9ussissent leur pratique commerciale et aient un impact positif sur la vie des gens.<\/p>\n<p>Les programmes de certification de l\u2019Association canadienne de Rolfing ont lieu en anglais. Pour plus d\u2019information sur la formation de base, ou pour faire une demande d\u2019admission, <a href=\"https:\/\/rolfingcanada.org\/become-a-rolfer\/\">allez \u00e0 la version anglaise de cette page<\/a>, o\u00f9 vous trouverez tous les d\u00e9tails des formations \u00e0 venir au Canada.<\/p>\n<p>Si vous avez d\u2019autres questions, svp n\u2019h\u00e9sitez pas \u00e0 nous contacter\u00a0: <a href=\"mailto:info@rolfingcanada.org\">info@rolfingcanada.org<\/a><\/p>\n<p>&nbsp;<\/p>\n<p><img loading=\"lazy\" decoding=\"async\" class=\" wp-image-1432 aligncenter\" src=\"https:\/\/rolfingcanada.org\/wp-content\/uploads\/2017\/07\/littleboy4-300x300.jpg\" alt=\"\" width=\"148\" height=\"148\" srcset=\"https:\/\/rolfingcanada.org\/wp-content\/uploads\/2017\/07\/littleboy4-300x300.jpg 300w, https:\/\/rolfingcanada.org\/wp-content\/uploads\/2017\/07\/littleboy4-150x150.jpg 150w, https:\/\/rolfingcanada.org\/wp-content\/uploads\/2017\/07\/littleboy4-1024x1024.jpg 1024w\" sizes=\"auto, (max-width: 148px) 100vw, 148px\" \/><\/p>\n<p>&nbsp;<\/p>\n<p>&nbsp;<\/p>\n","protected":false},"excerpt":{"rendered":"<p>Il faut plus de Rolfers\u2122\u00a0agr\u00e9\u00e9s au Canada Tous les praticiens de l\u2019Int\u00e9gration structurelle par le Rolfing\u00ae\u00a0poss\u00e8dent des comp\u00e9tences de pointe d\u00e8s leur certification de base. De plus, ils s\u2019engagent \u00e0 poursuivre leur d\u00e9veloppement professionnel au moyen des formations continues et avanc\u00e9e. Il y a beaucoup de place sur le march\u00e9 canadien pour les Rolfers\u2122\u00a0agr\u00e9\u00e9s, autant dans les grandes villes que dans nos r\u00e9gions rurales. La formation en Rolfing outille ses praticiens pour qu\u2019ils r\u00e9ussissent leur pratique commerciale et aient un &#038;hellip <i><a class=\"read-more\" href=\"https:\/\/rolfingcanada.org\/fr\/devenir-rolfeur\/\">read more<\/a><\/i><\/p>\n","protected":false},"author":1,"featured_media":0,"parent":0,"menu_order":0,"comment_status":"closed","ping_status":"closed","template":"template-full.php","meta":{"_acf_changed":false,"inline_featured_image":false,"_monsterinsights_skip_tracking":false,"_monsterinsights_sitenote_active":false,"_monsterinsights_sitenote_note":"","_monsterinsights_sitenote_category":0,"footnotes":""},"class_list":["post-1124","page","type-page","status-publish","hentry"],"acf":[],"_links":{"self":[{"href":"https:\/\/rolfingcanada.org\/fr\/wp-json\/wp\/v2\/pages\/1124","targetHints":{"allow":["GET"]}}],"collection":[{"href":"https:\/\/rolfingcanada.org\/fr\/wp-json\/wp\/v2\/pages"}],"about":[{"href":"https:\/\/rolfingcanada.org\/fr\/wp-json\/wp\/v2\/types\/page"}],"author":[{"embeddable":true,"href":"https:\/\/rolfingcanada.org\/fr\/wp-json\/wp\/v2\/users\/1"}],"replies":[{"embeddable":true,"href":"https:\/\/rolfingcanada.org\/fr\/wp-json\/wp\/v2\/comments?post=1124"}],"version-history":[{"count":12,"href":"https:\/\/rolfingcanada.org\/fr\/wp-json\/wp\/v2\/pages\/1124\/revisions"}],"predecessor-version":[{"id":4133,"href":"https:\/\/rolfingcanada.org\/fr\/wp-json\/wp\/v2\/pages\/1124\/revisions\/4133"}],"wp:attachment":[{"href":"https:\/\/rolfingcanada.org\/fr\/wp-json\/wp\/v2\/media?parent=1124"}],"curies":[{"name":"wp","href":"https:\/\/api.w.org\/{rel}","templated":true}]}}