{"id":1116,"date":"2017-07-04T07:53:30","date_gmt":"2017-07-04T11:53:30","guid":{"rendered":"https:\/\/rolfingcanada.org\/?page_id=1116\/"},"modified":"2019-10-01T12:27:24","modified_gmt":"2019-10-01T16:27:24","slug":"presse-medias","status":"publish","type":"page","link":"https:\/\/rolfingcanada.org\/fr\/presse-medias\/","title":{"rendered":"M\u00e9dias"},"content":{"rendered":"<div aria-live=\"polite\" id=\"soliloquy-container-1508_1\" class=\"soliloquy-container soliloquy-transition-fade  soliloquy-theme-base\" style=\"max-width:960px;max-height:300px;\"><ul id=\"soliloquy-1508_1\" class=\"soliloquy-slider soliloquy-slides soliloquy-wrap soliloquy-clear\"><li aria-hidden=\"true\" class=\"soliloquy-item soliloquy-item-1 soliloquy-image-slide\" draggable=\"false\" style=\"list-style:none\"><img decoding=\"async\" id=\"soliloquy-image-1509\" class=\"soliloquy-image soliloquy-image-1\" src=\"https:\/\/rolfingcanada.org\/wp-content\/uploads\/2017\/08\/rolfer_client14_lg-960x300_c.jpg\" alt=\"rolfer_client14_lg\" \/><\/li><li aria-hidden=\"true\" class=\"soliloquy-item soliloquy-item-2 soliloquy-image-slide\" draggable=\"false\" style=\"list-style:none\"><img decoding=\"async\" id=\"soliloquy-image-1510\" class=\"soliloquy-image soliloquy-image-2\" src=\"https:\/\/rolfingcanada.org\/wp-content\/uploads\/2017\/08\/rolfer_client13_lg-960x300_c.jpg\" alt=\"rolfer_client13_lg\" \/><\/li><li aria-hidden=\"true\" class=\"soliloquy-item soliloquy-item-3 soliloquy-image-slide\" draggable=\"false\" style=\"list-style:none\"><img decoding=\"async\" id=\"soliloquy-image-1516\" class=\"soliloquy-image soliloquy-image-3\" src=\"https:\/\/rolfingcanada.org\/wp-content\/uploads\/2017\/08\/2-1-960x300_c.jpg\" alt=\"2\" \/><\/li><li aria-hidden=\"true\" class=\"soliloquy-item soliloquy-item-4 soliloquy-image-slide\" draggable=\"false\" style=\"list-style:none\"><img decoding=\"async\" id=\"soliloquy-image-1691\" class=\"soliloquy-image soliloquy-image-4\" src=\"https:\/\/rolfingcanada.org\/wp-content\/uploads\/2017\/08\/3-960x300_c.jpg\" alt=\"3\" \/><\/li><\/ul><\/div><noscript><style type=\"text\/css\">#soliloquy-container-1508_1{opacity:1}<\/style><\/noscript>\n<p>&nbsp;<\/p>\n<p>Bienvenue dans le site Web de l\u2019Association canadienne de Rolfing\u00ae, un regroupement en plein essor de th\u00e9rapeutes manuels pratiquant l\u2019int\u00e9gration structurelle par le Rolfing au Canada.<\/p>\n<p>Prenez le temps de lire le contenu du site pour conna\u00eetre le travail des <em>Rolfers<\/em><em>\u2122<\/em><strong>\u00a0<\/strong>agr\u00e9\u00e9s\/es (certifications de base et avanc\u00e9e), ainsi que celui des praticiens du Mouvement Rolf.<\/p>\n<p>Si vous avez des questions ou souhaitez r\u00e9aliser une entrevue, n\u2019h\u00e9sitez pas \u00e0 nous contacter \u00e0 l\u2019adresse suivante\u00a0: <a href=\"mailto:info@rolfingcanada.org\">info@rolfingcanada.org<\/a>.<\/p>\n<p>Vous pouvez aussi remplir le formulaire de prise de contact au bas de la page.<\/p>\n<p><img loading=\"lazy\" decoding=\"async\" class=\" wp-image-1432 aligncenter\" src=\"https:\/\/rolfingcanada.org\/wp-content\/uploads\/2017\/07\/littleboy4-300x300.jpg\" alt=\"\" width=\"156\" height=\"156\" srcset=\"https:\/\/rolfingcanada.org\/wp-content\/uploads\/2017\/07\/littleboy4-300x300.jpg 300w, https:\/\/rolfingcanada.org\/wp-content\/uploads\/2017\/07\/littleboy4-150x150.jpg 150w, https:\/\/rolfingcanada.org\/wp-content\/uploads\/2017\/07\/littleboy4-1024x1024.jpg 1024w\" sizes=\"auto, (max-width: 156px) 100vw, 156px\" \/><\/p>\n","protected":false},"excerpt":{"rendered":"<p>&nbsp; Bienvenue dans le site Web de l\u2019Association canadienne de Rolfing\u00ae, un regroupement en plein essor de th\u00e9rapeutes manuels pratiquant l\u2019int\u00e9gration structurelle par le Rolfing au Canada. Prenez le temps de lire le contenu du site pour conna\u00eetre le travail des Rolfers\u2122\u00a0agr\u00e9\u00e9s\/es (certifications de base et avanc\u00e9e), ainsi que celui des praticiens du Mouvement Rolf. Si vous avez des questions ou souhaitez r\u00e9aliser une entrevue, n\u2019h\u00e9sitez pas \u00e0 nous contacter \u00e0 l\u2019adresse suivante\u00a0: info@rolfingcanada.org. Vous pouvez aussi remplir le formulaire &#038;hellip <i><a class=\"read-more\" href=\"https:\/\/rolfingcanada.org\/fr\/presse-medias\/\">read more<\/a><\/i><\/p>\n","protected":false},"author":1,"featured_media":0,"parent":0,"menu_order":0,"comment_status":"closed","ping_status":"closed","template":"template-full.php","meta":{"_acf_changed":false,"inline_featured_image":false,"_monsterinsights_skip_tracking":false,"_monsterinsights_sitenote_active":false,"_monsterinsights_sitenote_note":"","_monsterinsights_sitenote_category":0,"footnotes":""},"class_list":["post-1116","page","type-page","status-publish","hentry"],"acf":[],"_links":{"self":[{"href":"https:\/\/rolfingcanada.org\/fr\/wp-json\/wp\/v2\/pages\/1116","targetHints":{"allow":["GET"]}}],"collection":[{"href":"https:\/\/rolfingcanada.org\/fr\/wp-json\/wp\/v2\/pages"}],"about":[{"href":"https:\/\/rolfingcanada.org\/fr\/wp-json\/wp\/v2\/types\/page"}],"author":[{"embeddable":true,"href":"https:\/\/rolfingcanada.org\/fr\/wp-json\/wp\/v2\/users\/1"}],"replies":[{"embeddable":true,"href":"https:\/\/rolfingcanada.org\/fr\/wp-json\/wp\/v2\/comments?post=1116"}],"version-history":[{"count":12,"href":"https:\/\/rolfingcanada.org\/fr\/wp-json\/wp\/v2\/pages\/1116\/revisions"}],"predecessor-version":[{"id":3250,"href":"https:\/\/rolfingcanada.org\/fr\/wp-json\/wp\/v2\/pages\/1116\/revisions\/3250"}],"wp:attachment":[{"href":"https:\/\/rolfingcanada.org\/fr\/wp-json\/wp\/v2\/media?parent=1116"}],"curies":[{"name":"wp","href":"https:\/\/api.w.org\/{rel}","templated":true}]}}