{"id":1110,"date":"2017-07-04T07:49:38","date_gmt":"2017-07-04T11:49:38","guid":{"rendered":"https:\/\/rolfingcanada.org\/?page_id=1110\/"},"modified":"2019-10-01T12:53:58","modified_gmt":"2019-10-01T16:53:58","slug":"a-propos-de-larc","status":"publish","type":"page","link":"https:\/\/rolfingcanada.org\/fr\/a-propos-de-larc\/","title":{"rendered":"\u00c0 propos de l\u2019Association canadienne de Rolfing\u00ae"},"content":{"rendered":"<div aria-live=\"polite\" id=\"soliloquy-container-1412_1\" class=\"soliloquy-container soliloquy-transition-fade  soliloquy-theme-base\" style=\"max-width:960px;max-height:300px;\"><ul id=\"soliloquy-1412_1\" class=\"soliloquy-slider soliloquy-slides soliloquy-wrap soliloquy-clear\"><li aria-hidden=\"true\" class=\"soliloquy-item soliloquy-item-1 soliloquy-image-slide\" draggable=\"false\" style=\"list-style:none\"><img decoding=\"async\" id=\"soliloquy-image-1414\" class=\"soliloquy-image soliloquy-image-1\" src=\"https:\/\/rolfingcanada.org\/wp-content\/uploads\/2017\/07\/WalkingProfilePunches-960x300_c.jpg\" alt=\"WalkingProfilePunches\" \/><\/li><li aria-hidden=\"true\" class=\"soliloquy-item soliloquy-item-2 soliloquy-image-slide\" draggable=\"false\" style=\"list-style:none\"><img decoding=\"async\" id=\"soliloquy-image-1415\" class=\"soliloquy-image soliloquy-image-2\" src=\"https:\/\/rolfingcanada.org\/wp-content\/uploads\/2017\/07\/pexels-photo-207896-2-960x300_c.jpeg\" alt=\"pexels-photo-207896\" \/><\/li><li aria-hidden=\"true\" class=\"soliloquy-item soliloquy-item-3 soliloquy-image-slide\" draggable=\"false\" style=\"list-style:none\"><img decoding=\"async\" id=\"soliloquy-image-1416\" class=\"soliloquy-image soliloquy-image-3\" src=\"https:\/\/rolfingcanada.org\/wp-content\/uploads\/2017\/07\/hand-children-child-child-s-hand-159827-960x300_c.jpeg\" alt=\"hand-children-child-child-s-hand-159827\" \/><\/li><li aria-hidden=\"true\" class=\"soliloquy-item soliloquy-item-4 soliloquy-image-slide\" draggable=\"false\" style=\"list-style:none\"><img decoding=\"async\" id=\"soliloquy-image-1418\" class=\"soliloquy-image soliloquy-image-4\" src=\"https:\/\/rolfingcanada.org\/wp-content\/uploads\/2017\/07\/pexels-photo-91224-1-960x300_c.jpeg\" alt=\"pexels-photo-91224\" \/><\/li><li aria-hidden=\"true\" class=\"soliloquy-item soliloquy-item-5 soliloquy-image-slide\" draggable=\"false\" style=\"list-style:none\"><img decoding=\"async\" id=\"soliloquy-image-1424\" class=\"soliloquy-image soliloquy-image-5\" src=\"https:\/\/rolfingcanada.org\/wp-content\/uploads\/2017\/07\/talltrees-1-960x300_c.jpg\" alt=\"talltrees\" \/><\/li><li aria-hidden=\"true\" class=\"soliloquy-item soliloquy-item-6 soliloquy-image-slide\" draggable=\"false\" style=\"list-style:none\"><img decoding=\"async\" id=\"soliloquy-image-1426\" class=\"soliloquy-image soliloquy-image-6\" src=\"https:\/\/rolfingcanada.org\/wp-content\/uploads\/2017\/07\/person7-1-960x300_c.jpg\" alt=\"person7\" \/><\/li><li aria-hidden=\"true\" class=\"soliloquy-item soliloquy-item-7 soliloquy-image-slide\" draggable=\"false\" style=\"list-style:none\"><img decoding=\"async\" id=\"soliloquy-image-1427\" class=\"soliloquy-image soliloquy-image-7\" src=\"https:\/\/rolfingcanada.org\/wp-content\/uploads\/2017\/07\/person5-1-960x300_c.jpg\" alt=\"person5\" \/><\/li><\/ul><\/div><noscript><style type=\"text\/css\">#soliloquy-container-1412_1{opacity:1}<\/style><\/noscript>\n<p>&nbsp;<\/p>\n<h4 style=\"text-align: left;\"><strong>L\u2019Association canadienne de Rolfing<sup>\u00ae<\/sup>\u00a0(ACR) est le regroupement professionnel<br \/>\ndes praticiens qui exercent la th\u00e9rapie manuelle de l\u2019int\u00e9gration structurelle par le Rolfing<sup>\u00ae<\/sup> au Canada.<\/strong><\/h4>\n<h4 style=\"text-align: left;\"><strong>Nos membres sont dipl\u00f4m\u00e9s du <em>Dr Ida Rolf Institute<\/em><\/strong><strong><sup>\u00ae\u00a0<\/sup><\/strong><strong>(DIRI) et respectent le m\u00eame code d\u2019\u00e9thique et les m\u00eames normes de pratique\u00a0<\/strong><strong>que tous les <em>Rolfers<\/em><em>\u2122<\/em><\/strong>\u00a0<strong>dans le monde.<\/strong><\/h4>\n<p>&nbsp;<\/p>\n<h3><\/h3>\n<h3>Mission de l\u2019Association canadienne de Rolfing<sup>\u00ae<\/sup><\/h3>\n<p>L\u2019ACR est une organisation \u00e0 but non lucratif qui repr\u00e9sente tous les <em>Rolfers\u2122<\/em> du Canada. Elle travaille \u00e0 donner une pr\u00e9sence nationale forte \u00e0 l\u2019int\u00e9gration structurelle comme cat\u00e9gorie professionnelle par les moyens suivants :<\/p>\n<ul>\n<li>Renseigner le public canadien sur l\u2019int\u00e9gration structurelle par le Rolfing en tant que toucher th\u00e9rapeutique qui contribue au mieux-\u00eatre et \u00e0 la r\u00e9cup\u00e9ration des l\u00e9sions aux tissus mous et des douleurs chroniques.<\/li>\n<li>Offrir aux <em>Rolfers<\/em> canadiens des services professionnels tels que l\u2019utilisation de la marque de commerce, le soutien aux nouveaux praticiens, l\u2019acc\u00e8s aux formations continues et avanc\u00e9es, l\u2019organisation d\u2019\u00e9v\u00e9nements communautaires visant \u00e0 promouvoir l\u2019int\u00e9gration structurelle par le Rolfing, etc.<\/li>\n<li>Sensibiliser les assureurs, les l\u00e9gislateurs et le syst\u00e8me de sant\u00e9 aux bienfaits pour la population d\u2019int\u00e9grer le Rolfing aux r\u00e9gimes d\u2019assurance sant\u00e9.<\/li>\n<li>Offrir la formation de base en int\u00e9gration structurelle par le Rolfing au Canada afin d\u2019augmenter le nombre de <em>Rolfers<\/em> qui pratiquent chez nous.<\/li>\n<\/ul>\n<h2><\/h2>\n<p>&nbsp;<\/p>\n<h3>Histoire de l\u2019Association canadienne de Rolfing<sup>\u00ae<\/sup><\/h3>\n<p>L\u2019ACR a vu le jour en 2007 sous la forme d\u2019un office r\u00e9gional international\u00a0du <em>Dr Ida Rolf\u00a0Institute<\/em> (RISI) \u00e0 Boulder, au Colorado. En 2008, l\u2019ACR a sign\u00e9 une entente avec le DIRI l\u2019autorisant \u00e0 repr\u00e9senter les rolfers canadiens et \u00e0 promouvoir l\u2019int\u00e9gration structurelle par le Rolfing au Canada. La gouvernance de l\u2019ACR est assur\u00e9e par un conseil d\u2019administration b\u00e9n\u00e9vole form\u00e9 de praticiens en Rolfing<sup>\u00ae<\/sup>.<\/p>\n<h2><\/h2>\n<p>&nbsp;<\/p>\n<h3>Le <em>Dr Ida Rolf Institute<\/em> (DIRI)<\/h3>\n<h5><a href=\"http:\/\/www.rolf.org\">( http:\/\/www.rolf.org )<\/a><\/h5>\n<p>C\u2019est en 1971, \u00e0 Boulder, au Colorado, que la docteure Ida P. Rolf fonde le <em>Dr Ida Rolf Institute<\/em> (DIRI), l\u2019\u00e9cole de formation et de certification des praticiens de l\u2019int\u00e9gration structurelle par le Rolfing<sup>\u00ae<\/sup>.<\/p>\n<p>Aujourd\u2019hui, on trouve des <em>Rolfers\u2122<\/em>\u00a0partout aux \u00c9tats-Unis, en Europe, au Br\u00e9sil, en Australie, au Japon, au Canada et dans plusieurs autres pays. Le DIRI demeure n\u00e9anmoins le p\u00f4le de la pratique du Rolfing; c\u2019est l\u2019endroit qu\u2019Ida P. Rolf a choisi comme \u00e9tablissement d\u2019enseignement o\u00f9 perp\u00e9tuer son h\u00e9ritage.<\/p>\n<p>Les administrateurs du DIRI collaborent \u00e9troitement avec le conseil d\u2019administration de l\u2019ACR pour procurer des services de qualit\u00e9 aux <em>Rolfers<\/em> canadiens et faire conna\u00eetre les bienfaits de l\u2019int\u00e9gration structurelle par le Rolfing.<\/p>\n<p>&nbsp;<\/p>\n<h3><\/h3>\n<h3><\/h3>\n<h3>Qu\u2019est-ce que la marque de service Rolfing<sup>\u00ae<\/sup>?<\/h3>\n<p>Le <em>Dr Ida Rolf Institute<\/em> (DIRI) a obtenu la marque de service \u00ab\u00a0Rolfing\u00a0\u00bb en 1979 aupr\u00e8s du United States Patent Office, afin de diff\u00e9rencier le \u00ab\u00a0Rolfing\u00a0\u00bb comme th\u00e9rapie manuelle de l\u2019int\u00e9gration structurelle enseign\u00e9e exclusivement par le DIRI. Le DIRI a par la suite acquis la marque de service canadienne pour les mots \u00ab\u00a0Rolfing\u00a0\u00bb et \u00ab\u00a0<em>Rolfers\u00a0<\/em>\u00bb, ainsi que pour le logo. Les seuls professionnels canadiens autoris\u00e9s \u00e0 utiliser ces marques de service sont ceux qui sont dipl\u00f4m\u00e9s du DIRI et maintiennent de bonnes relations ann\u00e9e apr\u00e8s ann\u00e9e avec l\u2019ACR et le DIRI.\u00a0<img loading=\"lazy\" decoding=\"async\" class=\"wp-image-1432 aligncenter\" src=\"https:\/\/rolfingcanada.org\/wp-content\/uploads\/2017\/07\/littleboy4-300x300.jpg\" sizes=\"auto, (max-width: 144px) 100vw, 144px\" srcset=\"https:\/\/rolfingcanada.org\/wp-content\/uploads\/2017\/07\/littleboy4-300x300.jpg 300w, https:\/\/rolfingcanada.org\/wp-content\/uploads\/2017\/07\/littleboy4-150x150.jpg 150w, https:\/\/rolfingcanada.org\/wp-content\/uploads\/2017\/07\/littleboy4-1024x1024.jpg 1024w\" alt=\"\" width=\"144\" height=\"144\" \/><\/p>\n<p>&nbsp;<\/p>\n","protected":false},"excerpt":{"rendered":"<p>&nbsp; L\u2019Association canadienne de Rolfing\u00ae\u00a0(ACR) est le regroupement professionnel des praticiens qui exercent la th\u00e9rapie manuelle de l\u2019int\u00e9gration structurelle par le Rolfing\u00ae au Canada. Nos membres sont dipl\u00f4m\u00e9s du Dr Ida Rolf Institute\u00ae\u00a0(DIRI) et respectent le m\u00eame code d\u2019\u00e9thique et les m\u00eames normes de pratique\u00a0que tous les Rolfers\u2122\u00a0dans le monde. &nbsp; Mission de l\u2019Association canadienne de Rolfing\u00ae L\u2019ACR est une organisation \u00e0 but non lucratif qui repr\u00e9sente tous les Rolfers\u2122 du Canada. Elle travaille \u00e0 donner une pr\u00e9sence nationale forte &#038;hellip <i><a class=\"read-more\" href=\"https:\/\/rolfingcanada.org\/fr\/a-propos-de-larc\/\">read more<\/a><\/i><\/p>\n","protected":false},"author":1,"featured_media":0,"parent":0,"menu_order":0,"comment_status":"closed","ping_status":"closed","template":"template-full.php","meta":{"_acf_changed":false,"inline_featured_image":false,"_monsterinsights_skip_tracking":false,"_monsterinsights_sitenote_active":false,"_monsterinsights_sitenote_note":"","_monsterinsights_sitenote_category":0,"footnotes":""},"class_list":["post-1110","page","type-page","status-publish","hentry"],"acf":[],"_links":{"self":[{"href":"https:\/\/rolfingcanada.org\/fr\/wp-json\/wp\/v2\/pages\/1110","targetHints":{"allow":["GET"]}}],"collection":[{"href":"https:\/\/rolfingcanada.org\/fr\/wp-json\/wp\/v2\/pages"}],"about":[{"href":"https:\/\/rolfingcanada.org\/fr\/wp-json\/wp\/v2\/types\/page"}],"author":[{"embeddable":true,"href":"https:\/\/rolfingcanada.org\/fr\/wp-json\/wp\/v2\/users\/1"}],"replies":[{"embeddable":true,"href":"https:\/\/rolfingcanada.org\/fr\/wp-json\/wp\/v2\/comments?post=1110"}],"version-history":[{"count":18,"href":"https:\/\/rolfingcanada.org\/fr\/wp-json\/wp\/v2\/pages\/1110\/revisions"}],"predecessor-version":[{"id":4017,"href":"https:\/\/rolfingcanada.org\/fr\/wp-json\/wp\/v2\/pages\/1110\/revisions\/4017"}],"wp:attachment":[{"href":"https:\/\/rolfingcanada.org\/fr\/wp-json\/wp\/v2\/media?parent=1110"}],"curies":[{"name":"wp","href":"https:\/\/api.w.org\/{rel}","templated":true}]}}