{"id":1097,"date":"2017-07-04T06:55:01","date_gmt":"2017-07-04T10:55:01","guid":{"rendered":"https:\/\/rolfingcanada.org\/?page_id=1097\/"},"modified":"2018-05-21T02:39:57","modified_gmt":"2018-05-21T06:39:57","slug":"galerie","status":"publish","type":"page","link":"https:\/\/rolfingcanada.org\/fr\/galerie\/","title":{"rendered":"Galerie"},"content":{"rendered":"<h4><strong><img loading=\"lazy\" decoding=\"async\" class=\" wp-image-1432 alignright\" src=\"https:\/\/rolfingcanada.org\/wp-content\/uploads\/2017\/07\/littleboy4-300x300.jpg\" alt=\"\" width=\"154\" height=\"154\" srcset=\"https:\/\/rolfingcanada.org\/wp-content\/uploads\/2017\/07\/littleboy4-300x300.jpg 300w, https:\/\/rolfingcanada.org\/wp-content\/uploads\/2017\/07\/littleboy4-150x150.jpg 150w, https:\/\/rolfingcanada.org\/wp-content\/uploads\/2017\/07\/littleboy4-1024x1024.jpg 1024w\" sizes=\"auto, (max-width: 154px) 100vw, 154px\" \/><\/strong><\/h4>\n<p><strong>\u00ab\u00a0En tant que rolfeurs (en anglais <em>Rolfers<\/em><\/strong><em>\u2122<\/em><strong>), notre mission est de comprendre que nous travaillons dans le champ gravitationnel. Nous consid\u00e9rons que la gravit\u00e9 est \u00e0 la fois l\u2019outil et le th\u00e9rapeute. Tout ce que nous faisons redirige le flux de la gravit\u00e9; nous r\u00e9organisons le corps comme s\u2019il \u00e9tait un fil \u00e9lectrique au travers duquel le flux de gravit\u00e9 peut circuler plus librement.\u00a0\u00bb<\/strong><\/p>\n<ul>\n<li>Docteure Ida P. Rolf<\/li>\n<\/ul>\n<div aria-live=\"polite\" id=\"soliloquy-container-2893_1\" class=\"soliloquy-container soliloquy-transition-fade  soliloquy-theme-base\" style=\"max-width:960px;max-height:300px;\"><ul id=\"soliloquy-2893_1\" class=\"soliloquy-slider soliloquy-slides soliloquy-wrap soliloquy-clear\"><li aria-hidden=\"true\" class=\"soliloquy-item soliloquy-item-1 soliloquy-image-slide\" draggable=\"false\" style=\"list-style:none\"><img decoding=\"async\" id=\"soliloquy-image-2894\" class=\"soliloquy-image soliloquy-image-1\" src=\"https:\/\/rolfingcanada.org\/wp-content\/uploads\/2018\/01\/pexels-photo-207896-960x300_c.jpeg\" alt=\"pexels-photo-207896\" \/><div class=\"soliloquy-caption\"><div class=\"soliloquy-caption-inside\">\u00ab\u00a0Le Rolfing\u00ae est un travail d\u2019alignement. Nous alignons la structure myofasciale, soit le r\u00e9seau de tissus conjonctifs du corps. Les fascias sont l\u2019organe de la structure, l\u2019organe qui maintient correctement le corps dans le monde physique tridimensionnel.\u00a0\u00bb\nDocteure Ida P. Rolf<\/div><\/div><\/li><li aria-hidden=\"true\" class=\"soliloquy-item soliloquy-item-2 soliloquy-image-slide\" draggable=\"false\" style=\"list-style:none\"><img decoding=\"async\" id=\"soliloquy-image-2895\" class=\"soliloquy-image soliloquy-image-2\" src=\"https:\/\/rolfingcanada.org\/wp-content\/uploads\/2018\/01\/pexels-photo-235355.png-960x300_c.jpg\" alt=\"pexels-photo-235355.png\" \/><div class=\"soliloquy-caption\"><div class=\"soliloquy-caption-inside\">\u00ab\u00a0Les gens consultent en Rolfing parce qu\u2019ils souffrent de diff\u00e9rents maux et douleurs.\nLe rolfeur d\u00e9c\u00e8le les endroits o\u00f9 leur corps est d\u00e9cal\u00e9 par rapport aux forces gravitationnelles, parfois suite \u00e0 des traumatismes physiques\u00a0: une chute dans les escaliers, du haut d\u2019un arbre, d\u2019une chaise haute, \u00e0 bicyclette; se faire frapper par une voiture, etc.\u00a0\u00bb\nDocteure Ida P. Rolf<\/div><\/div><\/li><li aria-hidden=\"true\" class=\"soliloquy-item soliloquy-item-3 soliloquy-image-slide\" draggable=\"false\" style=\"list-style:none\"><img decoding=\"async\" id=\"soliloquy-image-2896\" class=\"soliloquy-image soliloquy-image-3\" src=\"https:\/\/rolfingcanada.org\/wp-content\/uploads\/2018\/01\/pexels-photo-206353-960x300_c.jpeg\" alt=\"pexels-photo-206353\" \/><div class=\"soliloquy-caption\"><div class=\"soliloquy-caption-inside\">\u00ab\u00a0Les praticiens-nes de Rolfing \u00e9tudient comment le corps et son champ \u00e9nerg\u00e9tique se relient \u00e0 la Terre et son champ gravitationnel. Ils r\u00e9organisent le corps pour que son champ \u00e9nerg\u00e9tique soit renforc\u00e9 par le champ gravitationnel. C\u2019est le principe de fond du Rolfing.\u00a0\u00bb\nDocteure Ida P. Rolf<\/div><\/div><\/li><li aria-hidden=\"true\" class=\"soliloquy-item soliloquy-item-4 soliloquy-image-slide\" draggable=\"false\" style=\"list-style:none\"><img decoding=\"async\" id=\"soliloquy-image-2897\" class=\"soliloquy-image soliloquy-image-4\" src=\"https:\/\/rolfingcanada.org\/wp-content\/uploads\/2018\/01\/pexels-photo-236907-960x300_c.jpeg\" alt=\"pexels-photo-236907\" \/><div class=\"soliloquy-caption\"><div class=\"soliloquy-caption-inside\">\u00ab\u00a0Quand un corps n\u2019est pas en \u00e9quilibre, la force de gravit\u00e9 s\u2019exerce sur lui de mani\u00e8re d\u00e9siquilibrante.\u00a0\u00bb\nDocteure Ida P. Rolf<\/div><\/div><\/li><li aria-hidden=\"true\" class=\"soliloquy-item soliloquy-item-5 soliloquy-image-slide\" draggable=\"false\" style=\"list-style:none\"><img decoding=\"async\" id=\"soliloquy-image-2898\" class=\"soliloquy-image soliloquy-image-5\" src=\"https:\/\/rolfingcanada.org\/wp-content\/uploads\/2018\/01\/pexels-photo-296881-960x300_c.jpeg\" alt=\"pexels-photo-296881\" \/><div class=\"soliloquy-caption\"><div class=\"soliloquy-caption-inside\">\u00ab\u00a0Pour qu\u2019il y ait confort corporel, le poids doit passer par le centre de l\u2019articulation, qu\u2019il s\u2019agisse de la hanche, du genou ou de la cheville.\u00a0\u00bb\nDocteure Ida P. Rolf<\/div><\/div><\/li><li aria-hidden=\"true\" class=\"soliloquy-item soliloquy-item-6 soliloquy-image-slide\" draggable=\"false\" style=\"list-style:none\"><img decoding=\"async\" id=\"soliloquy-image-2899\" class=\"soliloquy-image soliloquy-image-6\" src=\"https:\/\/rolfingcanada.org\/wp-content\/uploads\/2018\/01\/spot-runs-start-la-960x300_c.jpg\" alt=\"spot-runs-start-la\" \/><div class=\"soliloquy-caption\"><div class=\"soliloquy-caption-inside\">\u00ab\u00a0En gros, le probl\u00e8me de cette personne est qu\u2019elle s\u2019est toujours entra\u00een\u00e9e de la m\u00eame fa\u00e7on, au point o\u00f9 certains de ses muscles se sont raccourcis. Ces muscles chroniquement contract\u00e9s ne permettent plus aux articulations de fonctionner pour que son corps s\u2019aligne verticalement.\u00a0\u00bb\nDocteure Ida P. Rolf<\/div><\/div><\/li><li aria-hidden=\"true\" class=\"soliloquy-item soliloquy-item-7 soliloquy-image-slide\" draggable=\"false\" style=\"list-style:none\"><img decoding=\"async\" id=\"soliloquy-image-2900\" class=\"soliloquy-image soliloquy-image-7\" src=\"https:\/\/rolfingcanada.org\/wp-content\/uploads\/2018\/01\/Person1-960x300_c.jpg\" alt=\"Person1\" \/><div class=\"soliloquy-caption\"><div class=\"soliloquy-caption-inside\">\u00ab\u00a0Pour que le corps soit \u00e0 l\u2019aise dans l\u2019environnement spatial terrestre, la gravit\u00e9 doit s\u2019exercer de mani\u00e8re positive sur lui.\u00a0\u00bb\nDocteure Ida P. Rolf<\/div><\/div><\/li><li aria-hidden=\"true\" class=\"soliloquy-item soliloquy-item-8 soliloquy-image-slide\" draggable=\"false\" style=\"list-style:none\"><img decoding=\"async\" id=\"soliloquy-image-2901\" class=\"soliloquy-image soliloquy-image-8\" src=\"https:\/\/rolfingcanada.org\/wp-content\/uploads\/2018\/01\/person2-960x300_c.jpg\" alt=\"person2\" \/><div class=\"soliloquy-caption\"><div class=\"soliloquy-caption-inside\">\u00ab\u00a0Il y a quelque chose dans le fait de vivre dans le champ gravitationnel qui nous insensibilise \u00e0 la reconnaissance de ce champ.\u00a0\u00bb\nDocteure Ida P. Rolf<\/div><\/div><\/li><li aria-hidden=\"true\" class=\"soliloquy-item soliloquy-item-9 soliloquy-image-slide\" draggable=\"false\" style=\"list-style:none\"><img decoding=\"async\" id=\"soliloquy-image-2902\" class=\"soliloquy-image soliloquy-image-9\" src=\"https:\/\/rolfingcanada.org\/wp-content\/uploads\/2018\/01\/person3-960x300_c.jpg\" alt=\"person3\" \/><div class=\"soliloquy-caption\"><div class=\"soliloquy-caption-inside\">\u00ab\u00a0Changer l\u2019\u00eatre humain est possible. On peut changer sa structure. En changeant sa structure on change sa mani\u00e8re de fonctionner.\u00a0\u00bb\nDocteure Ida P. Rolf<\/div><\/div><\/li><li aria-hidden=\"true\" class=\"soliloquy-item soliloquy-item-10 soliloquy-image-slide\" draggable=\"false\" style=\"list-style:none\"><img decoding=\"async\" id=\"soliloquy-image-2903\" class=\"soliloquy-image soliloquy-image-10\" src=\"https:\/\/rolfingcanada.org\/wp-content\/uploads\/2018\/01\/person4-960x300_c.jpg\" alt=\"person4\" \/><div class=\"soliloquy-caption\"><div class=\"soliloquy-caption-inside\">\u00ab\u00a0Quand le corps fonctionne mieux, la force de la gravit\u00e9 y circule librement. \u00bb\nDocteure Ida P. Rolf<\/div><\/div><\/li><li aria-hidden=\"true\" class=\"soliloquy-item soliloquy-item-11 soliloquy-image-slide\" draggable=\"false\" style=\"list-style:none\"><img decoding=\"async\" id=\"soliloquy-image-2904\" class=\"soliloquy-image soliloquy-image-11\" src=\"https:\/\/rolfingcanada.org\/wp-content\/uploads\/2018\/01\/person5-960x300_c.jpg\" alt=\"person5\" \/><div class=\"soliloquy-caption\"><div class=\"soliloquy-caption-inside\">\u00ab\u00a0La force est l\u2019\u00e9quilibre. La force maximale tient au meilleur \u00e9quilibre des muscles.\u00a0\u00bb\nDocteure Ida P. Rolf<\/div><\/div><\/li><li aria-hidden=\"true\" class=\"soliloquy-item soliloquy-item-12 soliloquy-image-slide\" draggable=\"false\" style=\"list-style:none\"><img decoding=\"async\" id=\"soliloquy-image-2905\" class=\"soliloquy-image soliloquy-image-12\" src=\"https:\/\/rolfingcanada.org\/wp-content\/uploads\/2018\/01\/mansitting-960x300_c.jpeg\" alt=\"SONY DSC\" \/><div class=\"soliloquy-caption\"><div class=\"soliloquy-caption-inside\">\u00ab\u00a0On se replie pour \u00eatre en s\u00e9curit\u00e9 \u00e9motionnelle. Se recroqueviller est un geste de protection. \u00bb\nDocteure Ida P. Rolf<\/div><\/div><\/li><li aria-hidden=\"true\" class=\"soliloquy-item soliloquy-item-13 soliloquy-image-slide\" draggable=\"false\" style=\"list-style:none\"><img decoding=\"async\" id=\"soliloquy-image-2906\" class=\"soliloquy-image soliloquy-image-13\" src=\"https:\/\/rolfingcanada.org\/wp-content\/uploads\/2018\/01\/person6-960x300_c.jpg\" alt=\"person6\" \/><div class=\"soliloquy-caption\"><div class=\"soliloquy-caption-inside\">\u00ab\u00a0Pour \u00e9quilibrer la r\u00e9gion du cou, il faut d\u2019abord harmoniser le reste du corps.\u00a0\u00bb\nDocteure Ida P. Rolf<\/div><\/div><\/li><li aria-hidden=\"true\" class=\"soliloquy-item soliloquy-item-14 soliloquy-image-slide\" draggable=\"false\" style=\"list-style:none\"><img decoding=\"async\" id=\"soliloquy-image-2907\" class=\"soliloquy-image soliloquy-image-14\" src=\"https:\/\/rolfingcanada.org\/wp-content\/uploads\/2018\/01\/person8-960x300_c.jpg\" alt=\"person8\" \/><div class=\"soliloquy-caption\"><div class=\"soliloquy-caption-inside\">\u00ab\u00a0Nous ne sommes pas encore vraiment verticaux, nous sommes en voie de le devenir. L\u2019une des t\u00e2ches des rolfeurs est d\u2019acc\u00e9l\u00e9rer ce processus, de faire en sorte que la gravit\u00e9 nous renforce; qu\u2019elle soit notre complice, une force nourrici\u00e8re pour nous.\u00a0\u00bb\nDocteure Ida P. Rolf<\/div><\/div><\/li><li aria-hidden=\"true\" class=\"soliloquy-item soliloquy-item-15 soliloquy-image-slide\" draggable=\"false\" style=\"list-style:none\"><img decoding=\"async\" id=\"soliloquy-image-2908\" class=\"soliloquy-image soliloquy-image-15\" src=\"https:\/\/rolfingcanada.org\/wp-content\/uploads\/2018\/01\/person9-960x300_c.jpg\" alt=\"person9\" \/><div class=\"soliloquy-caption\"><div class=\"soliloquy-caption-inside\">\u00ab\u00a0Les pieds doivent \u00eatre bien au sol, sans \u00eatre plats. L\u2019ossature des jambes doit \u00eatre directement au-dessus des chevilles.\u00a0\u00bb\nDocteure Ida P. Rolf<\/div><\/div><\/li><li aria-hidden=\"true\" class=\"soliloquy-item soliloquy-item-16 soliloquy-image-slide\" draggable=\"false\" style=\"list-style:none\"><img decoding=\"async\" id=\"soliloquy-image-2909\" class=\"soliloquy-image soliloquy-image-16\" src=\"https:\/\/rolfingcanada.org\/wp-content\/uploads\/2018\/01\/person10-960x300_c.jpg\" alt=\"person10\" \/><div class=\"soliloquy-caption\"><div class=\"soliloquy-caption-inside\">\u00ab\u00a0C\u2019est paradoxal\u00a0: lorsqu\u2019un corps \u00e9quilibr\u00e9 se penche, il y a un mouvement de flexion mais le corps s\u2019allonge. Il n\u2019y a pas de raccourcissement.\u00a0\u00bb\nDocteure Ida P. Rolf<\/div><\/div><\/li><\/ul><\/div><noscript><style type=\"text\/css\">#soliloquy-container-2893_1{opacity:1}<\/style><\/noscript>Pour arr<span lang=\"fr\">\u00eater le diaporama, cliquez sur une bulle pour lire le devis. <\/span><\/p>\n<div class=\"tw-swapa\"><\/div>\n<div class=\"_Ejb\"><\/div>\n","protected":false},"excerpt":{"rendered":"<p>\u00ab\u00a0En tant que rolfeurs (en anglais Rolfers\u2122), notre mission est de comprendre que nous travaillons dans le champ gravitationnel. Nous consid\u00e9rons que la gravit\u00e9 est \u00e0 la fois l\u2019outil et le th\u00e9rapeute. Tout ce que nous faisons redirige le flux de la gravit\u00e9; nous r\u00e9organisons le corps comme s\u2019il \u00e9tait un fil \u00e9lectrique au travers duquel le flux de gravit\u00e9 peut circuler plus librement.\u00a0\u00bb Docteure Ida P. Rolf Pour arr\u00eater le diaporama, cliquez sur une bulle pour lire le devis.<\/p>\n","protected":false},"author":1,"featured_media":0,"parent":0,"menu_order":0,"comment_status":"closed","ping_status":"closed","template":"template-full.php","meta":{"_acf_changed":false,"inline_featured_image":false,"_monsterinsights_skip_tracking":false,"_monsterinsights_sitenote_active":false,"_monsterinsights_sitenote_note":"","_monsterinsights_sitenote_category":0,"footnotes":""},"class_list":["post-1097","page","type-page","status-publish","hentry"],"acf":[],"_links":{"self":[{"href":"https:\/\/rolfingcanada.org\/fr\/wp-json\/wp\/v2\/pages\/1097","targetHints":{"allow":["GET"]}}],"collection":[{"href":"https:\/\/rolfingcanada.org\/fr\/wp-json\/wp\/v2\/pages"}],"about":[{"href":"https:\/\/rolfingcanada.org\/fr\/wp-json\/wp\/v2\/types\/page"}],"author":[{"embeddable":true,"href":"https:\/\/rolfingcanada.org\/fr\/wp-json\/wp\/v2\/users\/1"}],"replies":[{"embeddable":true,"href":"https:\/\/rolfingcanada.org\/fr\/wp-json\/wp\/v2\/comments?post=1097"}],"version-history":[{"count":8,"href":"https:\/\/rolfingcanada.org\/fr\/wp-json\/wp\/v2\/pages\/1097\/revisions"}],"predecessor-version":[{"id":3249,"href":"https:\/\/rolfingcanada.org\/fr\/wp-json\/wp\/v2\/pages\/1097\/revisions\/3249"}],"wp:attachment":[{"href":"https:\/\/rolfingcanada.org\/fr\/wp-json\/wp\/v2\/media?parent=1097"}],"curies":[{"name":"wp","href":"https:\/\/api.w.org\/{rel}","templated":true}]}}